{"id":20370,"date":"2023-07-05T07:40:30","date_gmt":"2023-07-05T07:40:30","guid":{"rendered":"https:\/\/enipau.ro\/produs\/unkategorisiert\/sibirische-laerche\/"},"modified":"2023-07-05T07:40:30","modified_gmt":"2023-07-05T07:40:30","slug":"sibirische-laerche","status":"publish","type":"product","link":"https:\/\/enipau.ro\/de\/produkt\/laerche-produkte\/sibirische-laerche\/","title":{"rendered":"Sibirische L\u00e4rche"},"content":{"rendered":"","protected":false},"excerpt":{"rendered":"<p>Unsere aus echtem sibirischen L\u00e4rchenholz hergestellten Dielen zeichnen sich durch ihre au\u00dfergew\u00f6hnlichen Eigenschaften aus. Sibirische L\u00e4rche ist f\u00fcr ihre Langlebigkeit bekannt, denn sie ist ein dichtes und strapazierf\u00e4higes Holz, so dass Ihr Boden \u00fcber die Jahre hinweg makellos aussehen wird. <\/p>\n<p>Die nat\u00fcrlichen Strukturen und Schattierungen des sibirischen L\u00e4rchenholzes verleihen Ihrem Raum einen unverwechselbaren und rustikalen Touch. Ganz gleich, ob Sie sich f\u00fcr eine hellere Ausf\u00fchrung f\u00fcr einen hellen, modernen Look oder eine dunklere Ausf\u00fchrung f\u00fcr ein traditionelles, elegantes Dekor entscheiden, L\u00e4rchenholzb\u00f6den werden das Herzst\u00fcck Ihres Raumes sein. <\/p>\n","protected":false},"featured_media":20373,"comment_status":"closed","ping_status":"closed","template":"","meta":{"_acf_changed":false},"product_brand":[],"product_cat":[1477],"product_tag":[],"class_list":{"0":"post-20370","1":"product","2":"type-product","3":"status-publish","4":"has-post-thumbnail","6":"product_cat-laerche-produkte","8":"first","9":"instock","10":"taxable","11":"shipping-taxable","12":"purchasable","13":"product-type-variable"},"acf":[],"_links":{"self":[{"href":"https:\/\/enipau.ro\/de\/wp-json\/wp\/v2\/product\/20370","targetHints":{"allow":["GET"]}}],"collection":[{"href":"https:\/\/enipau.ro\/de\/wp-json\/wp\/v2\/product"}],"about":[{"href":"https:\/\/enipau.ro\/de\/wp-json\/wp\/v2\/types\/product"}],"replies":[{"embeddable":true,"href":"https:\/\/enipau.ro\/de\/wp-json\/wp\/v2\/comments?post=20370"}],"wp:featuredmedia":[{"embeddable":true,"href":"https:\/\/enipau.ro\/de\/wp-json\/wp\/v2\/media\/20373"}],"wp:attachment":[{"href":"https:\/\/enipau.ro\/de\/wp-json\/wp\/v2\/media?parent=20370"}],"wp:term":[{"taxonomy":"product_brand","embeddable":true,"href":"https:\/\/enipau.ro\/de\/wp-json\/wp\/v2\/product_brand?post=20370"},{"taxonomy":"product_cat","embeddable":true,"href":"https:\/\/enipau.ro\/de\/wp-json\/wp\/v2\/product_cat?post=20370"},{"taxonomy":"product_tag","embeddable":true,"href":"https:\/\/enipau.ro\/de\/wp-json\/wp\/v2\/product_tag?post=20370"}],"curies":[{"name":"wp","href":"https:\/\/api.w.org\/{rel}","templated":true}]}}