{"id":20427,"date":"2023-07-11T17:06:05","date_gmt":"2023-07-11T17:06:05","guid":{"rendered":"https:\/\/enipau.ro\/produs\/unkategorisiert\/fassadenelement-f4-rombus-mit-mutter-und-federverbindung\/"},"modified":"2023-07-11T17:06:05","modified_gmt":"2023-07-11T17:06:05","slug":"fassadenelement-f4-rombus-mit-mutter-und-federverbindung","status":"publish","type":"product","link":"https:\/\/enipau.ro\/de\/produkt\/holzvertafelung-im-ausenbereich\/fassadenelement-f4-rombus-mit-mutter-und-federverbindung\/","title":{"rendered":"Fassadenelement F4 Rombus mit Mutter und Federverbindung"},"content":{"rendered":"","protected":false},"excerpt":{"rendered":"<p>Das Nut- und Feder-Fassadenelement ist eine ausgezeichnete Wahl f\u00fcr Ihre Landschaftsbauprojekte. Dieses Produkt zeichnet sich durch seine spezielle Fugenform aus, die eine solide und pr\u00e4zise Passung zwischen den Holzplatten gew\u00e4hrleistet.  <\/p>\n<p>Jedes St\u00fcck wird mit Sorgfalt und Liebe zum Detail gefertigt, damit es sich perfekt in das gew\u00fcnschte Design einf\u00fcgt und der gesamten Konstruktion ein harmonisches Aussehen verleiht. Dank der Nut- und Federverbindung l\u00e4sst sich dieses Fassadenelement schnell und einfach montieren, was Zeit und M\u00fche spart. <\/p>\n","protected":false},"featured_media":20428,"comment_status":"closed","ping_status":"closed","template":"","meta":{"_acf_changed":false},"product_brand":[],"product_cat":[1511,1514,1401],"product_tag":[],"class_list":{"0":"post-20427","1":"product","2":"type-product","3":"status-publish","4":"has-post-thumbnail","6":"product_cat-fassadenelemente-holzfassaden","7":"product_cat-gewachste-lasur-impragnierung","8":"product_cat-holzvertafelung-im-ausenbereich","10":"first","11":"instock","12":"taxable","13":"shipping-taxable","14":"purchasable","15":"product-type-variable"},"acf":[],"_links":{"self":[{"href":"https:\/\/enipau.ro\/de\/wp-json\/wp\/v2\/product\/20427","targetHints":{"allow":["GET"]}}],"collection":[{"href":"https:\/\/enipau.ro\/de\/wp-json\/wp\/v2\/product"}],"about":[{"href":"https:\/\/enipau.ro\/de\/wp-json\/wp\/v2\/types\/product"}],"replies":[{"embeddable":true,"href":"https:\/\/enipau.ro\/de\/wp-json\/wp\/v2\/comments?post=20427"}],"wp:featuredmedia":[{"embeddable":true,"href":"https:\/\/enipau.ro\/de\/wp-json\/wp\/v2\/media\/20428"}],"wp:attachment":[{"href":"https:\/\/enipau.ro\/de\/wp-json\/wp\/v2\/media?parent=20427"}],"wp:term":[{"taxonomy":"product_brand","embeddable":true,"href":"https:\/\/enipau.ro\/de\/wp-json\/wp\/v2\/product_brand?post=20427"},{"taxonomy":"product_cat","embeddable":true,"href":"https:\/\/enipau.ro\/de\/wp-json\/wp\/v2\/product_cat?post=20427"},{"taxonomy":"product_tag","embeddable":true,"href":"https:\/\/enipau.ro\/de\/wp-json\/wp\/v2\/product_tag?post=20427"}],"curies":[{"name":"wp","href":"https:\/\/api.w.org\/{rel}","templated":true}]}}