{"id":20505,"date":"2021-02-14T12:13:06","date_gmt":"2021-02-14T12:13:06","guid":{"rendered":"https:\/\/enipau.ro\/produs\/unkategorisiert\/montageband\/"},"modified":"2021-02-14T12:13:06","modified_gmt":"2021-02-14T12:13:06","slug":"montageband","status":"publish","type":"product","link":"https:\/\/enipau.ro\/de\/produkt\/holzverbinder\/montageband\/","title":{"rendered":"Montageband"},"content":{"rendered":"<div class=\"product-page-description-text\">\n<div id=\"description-body\" class=\"collapse-offset collapse in\">\n<p>Er wird verwendet, um runde oder ovale Beatmungsschl\u00e4uche aufzuh\u00e4ngen, normalerweise an Stellen, an denen keine Klemmen angebracht werden k\u00f6nnen.<\/p>\n<\/div>\n<div class=\"text-left collapse-button-inside\"><\/div>\n<\/div>\n","protected":false},"excerpt":{"rendered":"<p>Perforiertes Montageband ist ein Kabelspanner aus Metall, der in Form einer Spule verpackt ist. Die Verwendung kleinerer Schrauben sowie gel\u00f6ster Schrauben bewirkt eine st\u00e4rkere Abnahme der Bruchlast. Das Laden von perforierten B\u00e4ndern sollte nur in runden Perforationen erfolgen.  <\/p>\n","protected":false},"featured_media":20508,"comment_status":"closed","ping_status":"closed","template":"","meta":{"_acf_changed":false},"product_brand":[],"product_cat":[1536],"product_tag":[],"class_list":{"0":"post-20505","1":"product","2":"type-product","3":"status-publish","4":"has-post-thumbnail","6":"product_cat-holzverbinder","8":"first","9":"instock","10":"taxable","11":"shipping-taxable","12":"purchasable","13":"product-type-variable"},"acf":[],"_links":{"self":[{"href":"https:\/\/enipau.ro\/de\/wp-json\/wp\/v2\/product\/20505","targetHints":{"allow":["GET"]}}],"collection":[{"href":"https:\/\/enipau.ro\/de\/wp-json\/wp\/v2\/product"}],"about":[{"href":"https:\/\/enipau.ro\/de\/wp-json\/wp\/v2\/types\/product"}],"replies":[{"embeddable":true,"href":"https:\/\/enipau.ro\/de\/wp-json\/wp\/v2\/comments?post=20505"}],"wp:featuredmedia":[{"embeddable":true,"href":"https:\/\/enipau.ro\/de\/wp-json\/wp\/v2\/media\/20508"}],"wp:attachment":[{"href":"https:\/\/enipau.ro\/de\/wp-json\/wp\/v2\/media?parent=20505"}],"wp:term":[{"taxonomy":"product_brand","embeddable":true,"href":"https:\/\/enipau.ro\/de\/wp-json\/wp\/v2\/product_brand?post=20505"},{"taxonomy":"product_cat","embeddable":true,"href":"https:\/\/enipau.ro\/de\/wp-json\/wp\/v2\/product_cat?post=20505"},{"taxonomy":"product_tag","embeddable":true,"href":"https:\/\/enipau.ro\/de\/wp-json\/wp\/v2\/product_tag?post=20505"}],"curies":[{"name":"wp","href":"https:\/\/api.w.org\/{rel}","templated":true}]}}