{"id":20515,"date":"2021-02-14T12:24:31","date_gmt":"2021-02-14T12:24:31","guid":{"rendered":"https:\/\/enipau.ro\/produs\/unkategorisiert\/multi-chip-platine\/"},"modified":"2021-02-14T12:24:31","modified_gmt":"2021-02-14T12:24:31","slug":"multi-chip-platine","status":"publish","type":"product","link":"https:\/\/enipau.ro\/de\/produkt\/holzverbinder\/multi-chip-platine\/","title":{"rendered":"Multi-Chip-Platine"},"content":{"rendered":"<p>Wir verkaufen verschiedene Gr\u00f6\u00dfen. Verwenden Sie das Men\u00fc, um die Gr\u00f6\u00dfen zu finden, die Sie f\u00fcr Ihre Konstruktion ben\u00f6tigen.<\/p>\n<p>Holzverbinder sind Teil der Kategorie &#8220;Verbindungselemente f\u00fcr den Holzbau&#8221; und werden von Zimmerleuten und Rahmenbauern verwendet, um strukturelle Holzelemente durch Pressen zu befestigen und zu verbinden.<\/p>\n","protected":false},"excerpt":{"rendered":"<p>Die mehrfach genagelte Platte ist aus Stahlblech gefertigt. Sie ist f\u00fcr die Befestigung von leichtem Holzputz geeignet. Die Farbe der Platte ist aufgrund der galvanischen Beschichtung silberfarben.  <\/p>\n","protected":false},"featured_media":20519,"comment_status":"closed","ping_status":"closed","template":"","meta":{"_acf_changed":false},"product_brand":[],"product_cat":[1536],"product_tag":[],"class_list":{"0":"post-20515","1":"product","2":"type-product","3":"status-publish","4":"has-post-thumbnail","6":"product_cat-holzverbinder","8":"first","9":"instock","10":"taxable","11":"shipping-taxable","12":"purchasable","13":"product-type-variable"},"acf":[],"_links":{"self":[{"href":"https:\/\/enipau.ro\/de\/wp-json\/wp\/v2\/product\/20515","targetHints":{"allow":["GET"]}}],"collection":[{"href":"https:\/\/enipau.ro\/de\/wp-json\/wp\/v2\/product"}],"about":[{"href":"https:\/\/enipau.ro\/de\/wp-json\/wp\/v2\/types\/product"}],"replies":[{"embeddable":true,"href":"https:\/\/enipau.ro\/de\/wp-json\/wp\/v2\/comments?post=20515"}],"wp:featuredmedia":[{"embeddable":true,"href":"https:\/\/enipau.ro\/de\/wp-json\/wp\/v2\/media\/20519"}],"wp:attachment":[{"href":"https:\/\/enipau.ro\/de\/wp-json\/wp\/v2\/media?parent=20515"}],"wp:term":[{"taxonomy":"product_brand","embeddable":true,"href":"https:\/\/enipau.ro\/de\/wp-json\/wp\/v2\/product_brand?post=20515"},{"taxonomy":"product_cat","embeddable":true,"href":"https:\/\/enipau.ro\/de\/wp-json\/wp\/v2\/product_cat?post=20515"},{"taxonomy":"product_tag","embeddable":true,"href":"https:\/\/enipau.ro\/de\/wp-json\/wp\/v2\/product_tag?post=20515"}],"curies":[{"name":"wp","href":"https:\/\/api.w.org\/{rel}","templated":true}]}}