{"id":20530,"date":"2021-02-14T12:43:54","date_gmt":"2021-02-14T12:43:54","guid":{"rendered":"https:\/\/enipau.ro\/produs\/unkategorisiert\/u-foermiger-sockel-mit-stange\/"},"modified":"2021-02-14T12:43:54","modified_gmt":"2021-02-14T12:43:54","slug":"u-foermiger-sockel-mit-stange","status":"publish","type":"product","link":"https:\/\/enipau.ro\/de\/produkt\/holzverbinder\/u-foermiger-sockel-mit-stange\/","title":{"rendered":"U-f\u00f6rmiger Sockel mit Stange"},"content":{"rendered":"<p>Enipau vertreibt U-f\u00f6rmige U-f\u00f6rmige U-f\u00f6rmige U-Bolzen mit Stab f\u00fcr leichte Lasten. Der U-f\u00f6rmige Ankerpfosten mit Stange wird im Holzbau zur Befestigung von Dachsparren oder Bohlen verwendet. Je nach Gr\u00f6\u00dfe k\u00f6nnen Sie sie also in Holzh\u00e4usern, Dachst\u00fchlen, Dachaufbauten, Pavillons, Garagen, Markisen, Pergolen, Laubeng\u00e4ngen, Trennw\u00e4nden, Terrassen, Toren, Z\u00e4unen, Gel\u00e4ndern, Pavillons, Kinderspielger\u00e4ten usw. verwenden.  <\/p>\n<p>&nbsp;<\/p>\n<p>&nbsp;<\/p>\n","protected":false},"excerpt":{"rendered":"<p>Die Lagerbl\u00f6cke spielen eine wichtige Rolle bei der Befestigung der Holzelemente jeder Konstruktion, insbesondere der Holzpfosten. Sie sind ein n\u00fctzliches Element bei der Holzmontage und werden im Hausbau verwendet. Er wird aus verzinktem Stahlblech hergestellt.    <span style=\"font-weight: 400;\">AxBxC entspricht der Gr\u00f6\u00dfe im Men\u00fc, w\u00e4hlen Sie das richtige Produkt f\u00fcr Ihre Konstruktion.  <\/span><\/p>\n","protected":false},"featured_media":20537,"comment_status":"closed","ping_status":"closed","template":"","meta":{"_acf_changed":false},"product_brand":[],"product_cat":[1536],"product_tag":[],"class_list":{"0":"post-20530","1":"product","2":"type-product","3":"status-publish","4":"has-post-thumbnail","6":"product_cat-holzverbinder","8":"first","9":"instock","10":"taxable","11":"shipping-taxable","12":"purchasable","13":"product-type-variable"},"acf":[],"_links":{"self":[{"href":"https:\/\/enipau.ro\/de\/wp-json\/wp\/v2\/product\/20530","targetHints":{"allow":["GET"]}}],"collection":[{"href":"https:\/\/enipau.ro\/de\/wp-json\/wp\/v2\/product"}],"about":[{"href":"https:\/\/enipau.ro\/de\/wp-json\/wp\/v2\/types\/product"}],"replies":[{"embeddable":true,"href":"https:\/\/enipau.ro\/de\/wp-json\/wp\/v2\/comments?post=20530"}],"wp:featuredmedia":[{"embeddable":true,"href":"https:\/\/enipau.ro\/de\/wp-json\/wp\/v2\/media\/20537"}],"wp:attachment":[{"href":"https:\/\/enipau.ro\/de\/wp-json\/wp\/v2\/media?parent=20530"}],"wp:term":[{"taxonomy":"product_brand","embeddable":true,"href":"https:\/\/enipau.ro\/de\/wp-json\/wp\/v2\/product_brand?post=20530"},{"taxonomy":"product_cat","embeddable":true,"href":"https:\/\/enipau.ro\/de\/wp-json\/wp\/v2\/product_cat?post=20530"},{"taxonomy":"product_tag","embeddable":true,"href":"https:\/\/enipau.ro\/de\/wp-json\/wp\/v2\/product_tag?post=20530"}],"curies":[{"name":"wp","href":"https:\/\/api.w.org\/{rel}","templated":true}]}}