{"id":20545,"date":"2021-02-14T13:54:43","date_gmt":"2021-02-14T13:54:43","guid":{"rendered":"https:\/\/enipau.ro\/produs\/unkategorisiert\/balkenkopf-typ-b\/"},"modified":"2021-02-14T13:54:43","modified_gmt":"2021-02-14T13:54:43","slug":"balkenkopf-typ-b","status":"publish","type":"product","link":"https:\/\/enipau.ro\/de\/produkt\/holzverbinder\/balkenkopf-typ-b\/","title":{"rendered":"Balkenkopf Typ B"},"content":{"rendered":"<p>Enipau vertreibt den Typ B-Tr\u00e4ger f\u00fcr leichte Lasten.<\/p>\n","protected":false},"excerpt":{"rendered":"<p>Balkenverleimungen vom Typ B spielen eine wichtige Rolle bei der Befestigung von Holzelementen jeder Konstruktion, insbesondere von Holzpfosten. Er ist ein n\u00fctzliches Element bei der Holzmontage und wird im Hausbau verwendet. Er wird aus verzinktem Stahlblech hergestellt.    <span style=\"font-weight: 400;\">BxC entspricht der Gr\u00f6\u00dfe im Men\u00fc, w\u00e4hlen Sie das richtige Produkt f\u00fcr Ihre Konstruktion.  <\/span><\/p>\n","protected":false},"featured_media":20548,"comment_status":"closed","ping_status":"closed","template":"","meta":{"_acf_changed":false},"product_brand":[],"product_cat":[1536],"product_tag":[],"class_list":{"0":"post-20545","1":"product","2":"type-product","3":"status-publish","4":"has-post-thumbnail","6":"product_cat-holzverbinder","8":"first","9":"instock","10":"taxable","11":"shipping-taxable","12":"purchasable","13":"product-type-variable"},"acf":[],"_links":{"self":[{"href":"https:\/\/enipau.ro\/de\/wp-json\/wp\/v2\/product\/20545","targetHints":{"allow":["GET"]}}],"collection":[{"href":"https:\/\/enipau.ro\/de\/wp-json\/wp\/v2\/product"}],"about":[{"href":"https:\/\/enipau.ro\/de\/wp-json\/wp\/v2\/types\/product"}],"replies":[{"embeddable":true,"href":"https:\/\/enipau.ro\/de\/wp-json\/wp\/v2\/comments?post=20545"}],"wp:featuredmedia":[{"embeddable":true,"href":"https:\/\/enipau.ro\/de\/wp-json\/wp\/v2\/media\/20548"}],"wp:attachment":[{"href":"https:\/\/enipau.ro\/de\/wp-json\/wp\/v2\/media?parent=20545"}],"wp:term":[{"taxonomy":"product_brand","embeddable":true,"href":"https:\/\/enipau.ro\/de\/wp-json\/wp\/v2\/product_brand?post=20545"},{"taxonomy":"product_cat","embeddable":true,"href":"https:\/\/enipau.ro\/de\/wp-json\/wp\/v2\/product_cat?post=20545"},{"taxonomy":"product_tag","embeddable":true,"href":"https:\/\/enipau.ro\/de\/wp-json\/wp\/v2\/product_tag?post=20545"}],"curies":[{"name":"wp","href":"https:\/\/api.w.org\/{rel}","templated":true}]}}