{"id":20602,"date":"2021-02-17T16:27:08","date_gmt":"2021-02-17T16:27:08","guid":{"rendered":"https:\/\/enipau.ro\/produs\/unkategorisiert\/spax-unterlegscheibenschrauben\/"},"modified":"2021-02-17T16:27:08","modified_gmt":"2021-02-17T16:27:08","slug":"spax-unterlegscheibenschrauben","status":"publish","type":"product","link":"https:\/\/enipau.ro\/de\/produkt\/holzverbinder\/spax-unterlegscheibenschrauben\/","title":{"rendered":"SPAX Unterlegscheibenschrauben"},"content":{"rendered":"<p>Enipau bietet SPAX-Schrauben an, die f\u00fcr die Ausf\u00fchrung komplexer und empfindlicher Holzverbindungen geeignet sind. Die Schrauben sind mit einer gezackten Kante, einer 4CUT-Spitze und einer Gleitfl\u00e4che versehen. Sie sorgen f\u00fcr ein schnelles Anziehen auch von behandeltem Holz. Sie erfordern keine Vorbereitung und verringern das Risiko, dass sich das Holz spaltet.<\/p>\n","protected":false},"excerpt":{"rendered":"<p>SPAX-Schraube aus rostfreiem Stahl mit gezackter Kante und 4CUT-Spitze. SPAX-Schrauben werden im Holzbau, z.B. bei gro\u00dfen Konstruktionen, oder im Innen- und Au\u00dfenausbau verwendet. Sie werden bei der Verbindung von Holzfurnieren, Holzwerkstoffen, Treppenkonstruktionen, Z\u00e4unen usw. verwendet.  <\/p>\n","protected":false},"featured_media":20605,"comment_status":"closed","ping_status":"closed","template":"","meta":{"_acf_changed":false},"product_brand":[],"product_cat":[1536],"product_tag":[],"class_list":{"0":"post-20602","1":"product","2":"type-product","3":"status-publish","4":"has-post-thumbnail","6":"product_cat-holzverbinder","8":"first","9":"instock","10":"taxable","11":"shipping-taxable","12":"purchasable","13":"product-type-variable"},"acf":[],"_links":{"self":[{"href":"https:\/\/enipau.ro\/de\/wp-json\/wp\/v2\/product\/20602","targetHints":{"allow":["GET"]}}],"collection":[{"href":"https:\/\/enipau.ro\/de\/wp-json\/wp\/v2\/product"}],"about":[{"href":"https:\/\/enipau.ro\/de\/wp-json\/wp\/v2\/types\/product"}],"replies":[{"embeddable":true,"href":"https:\/\/enipau.ro\/de\/wp-json\/wp\/v2\/comments?post=20602"}],"wp:featuredmedia":[{"embeddable":true,"href":"https:\/\/enipau.ro\/de\/wp-json\/wp\/v2\/media\/20605"}],"wp:attachment":[{"href":"https:\/\/enipau.ro\/de\/wp-json\/wp\/v2\/media?parent=20602"}],"wp:term":[{"taxonomy":"product_brand","embeddable":true,"href":"https:\/\/enipau.ro\/de\/wp-json\/wp\/v2\/product_brand?post=20602"},{"taxonomy":"product_cat","embeddable":true,"href":"https:\/\/enipau.ro\/de\/wp-json\/wp\/v2\/product_cat?post=20602"},{"taxonomy":"product_tag","embeddable":true,"href":"https:\/\/enipau.ro\/de\/wp-json\/wp\/v2\/product_tag?post=20602"}],"curies":[{"name":"wp","href":"https:\/\/api.w.org\/{rel}","templated":true}]}}