{"id":20649,"date":"2021-02-28T08:42:29","date_gmt":"2021-02-28T08:42:29","guid":{"rendered":"https:\/\/enipau.ro\/produs\/unkategorisiert\/sockelleiste-9\/"},"modified":"2021-02-28T08:42:29","modified_gmt":"2021-02-28T08:42:29","slug":"sockelleiste-9","status":"publish","type":"product","link":"https:\/\/enipau.ro\/de\/produkt\/sockelleiste-aus-holz\/sockelleiste-9\/","title":{"rendered":"Sockelleiste 9"},"content":{"rendered":"<p>Es gibt Sockelleisten, die spezielle Kan\u00e4le f\u00fcr die Verlegung von Kabel-, TV- oder Internetleitungen enthalten, so dass es viel einfacher ist, deren unsch\u00f6nes Aussehen zu verbergen. Andere Vorteile: <\/p>\n<p>&#8211; Sie k\u00f6nnen an jedem beliebigen Ort installiert werden.<br \/>\n&#8211; Es h\u00e4lt sich sehr gut bei hoher Luftfeuchtigkeit.<br \/>\n&#8211; Hohe Sto\u00df- und Schlagfestigkeit.<br \/>\n&#8211; Es kann mit jeder Standardl\u00f6sung gereinigt werden<\/p>\n","protected":false},"excerpt":{"rendered":"<p>Enipau bietet Ihnen eine gro\u00dfe Auswahl an Sockelleisten, mit denen Sie Ihre Wohnung ganz nach Ihren W\u00fcnschen gestalten k\u00f6nnen. Aus \u00e4sthetischer Sicht macht die Sockelleiste den \u00dcbergang von der Wand zum Parkettboden oder zur Decke zu einem angenehmen Erlebnis f\u00fcr das Auge. Es ist ratsam, Sockelleisten aus Holz zu verwenden, wenn sie neben einem Parkettboden oder an der Decke von Holzh\u00fctten angebracht werden.  <\/p>\n","protected":false},"featured_media":20651,"comment_status":"closed","ping_status":"closed","template":"","meta":{"_acf_changed":false},"product_brand":[],"product_cat":[1625],"product_tag":[],"class_list":{"0":"post-20649","1":"product","2":"type-product","3":"status-publish","4":"has-post-thumbnail","6":"product_cat-sockelleiste-aus-holz","8":"first","9":"instock","10":"taxable","11":"shipping-taxable","12":"purchasable","13":"product-type-simple"},"acf":[],"_links":{"self":[{"href":"https:\/\/enipau.ro\/de\/wp-json\/wp\/v2\/product\/20649","targetHints":{"allow":["GET"]}}],"collection":[{"href":"https:\/\/enipau.ro\/de\/wp-json\/wp\/v2\/product"}],"about":[{"href":"https:\/\/enipau.ro\/de\/wp-json\/wp\/v2\/types\/product"}],"replies":[{"embeddable":true,"href":"https:\/\/enipau.ro\/de\/wp-json\/wp\/v2\/comments?post=20649"}],"wp:featuredmedia":[{"embeddable":true,"href":"https:\/\/enipau.ro\/de\/wp-json\/wp\/v2\/media\/20651"}],"wp:attachment":[{"href":"https:\/\/enipau.ro\/de\/wp-json\/wp\/v2\/media?parent=20649"}],"wp:term":[{"taxonomy":"product_brand","embeddable":true,"href":"https:\/\/enipau.ro\/de\/wp-json\/wp\/v2\/product_brand?post=20649"},{"taxonomy":"product_cat","embeddable":true,"href":"https:\/\/enipau.ro\/de\/wp-json\/wp\/v2\/product_cat?post=20649"},{"taxonomy":"product_tag","embeddable":true,"href":"https:\/\/enipau.ro\/de\/wp-json\/wp\/v2\/product_tag?post=20649"}],"curies":[{"name":"wp","href":"https:\/\/api.w.org\/{rel}","templated":true}]}}