{"id":20701,"date":"2020-04-25T10:21:42","date_gmt":"2020-04-25T10:21:42","guid":{"rendered":"https:\/\/enipau.ro\/produs\/unkategorisiert\/gehobelter-balken-nadelholz-klasse-a\/"},"modified":"2025-12-11T18:33:57","modified_gmt":"2025-12-11T18:33:57","slug":"gehobelter-balken-nadelholz-klasse-a","status":"publish","type":"product","link":"https:\/\/enipau.ro\/de\/produkt\/massivholz\/gehobelter-balken-nadelholz-klasse-a\/","title":{"rendered":"Gehobelter Balken, Nadelholz, Klasse A"},"content":{"rendered":"<p>Trockene und gehobelte Balken in verschiedenen Gr\u00f6\u00dfen, mit allen Oberfl\u00e4chen bearbeitet, k\u00f6nnen in Konstruktionen verschiedener Gr\u00f6\u00dfen verwendet werden, insbesondere f\u00fcr Decken mit einer besonderen Dekoration. Der Gehobelter Balken ist ein fertiges Produkt, fertig zum Einbauen und Streichen. Auf Wunsch kann unser Unternehmen eine zus\u00e4tzliche Oberfl\u00e4che realisieren. Er wird f\u00fcr sichtbare Anwendungen bei der Konstruktion von Pavillons, Pergolen, Decken, H\u00e4usern oder Terrassen verwendet.<\/p>\n","protected":false},"excerpt":{"rendered":"<p>Wir produzieren und verkaufen trockene und gehobelte Balken in verschiedenen Gr\u00f6\u00dfen. Da alle Oberfl\u00e4chen bearbeitet sind, k\u00f6nnen sie sowohl im Innen- als auch im Au\u00dfenbereich verwendet werden. Alle vier Kanten sind profiliert. Auf Wunsch kann unser Unternehmen eine zus\u00e4tzliche Oberfl\u00e4che herstellen. Wir impr\u00e4gnieren und behandeln das Holz mit der gew\u00fcnschten Farbe und liefern es einsatzbereit f\u00fcr Ihre Konstruktion. Das Holz ist antiseptisch behandelt, um Sch\u00e4dlinge zu vernichten, und die Verarbeitung garantiert einen Materialverbrauch, der den Schutz der Oberfl\u00e4che gew\u00e4hrleistet.<\/p>\n","protected":false},"featured_media":20702,"comment_status":"closed","ping_status":"closed","template":"","meta":{"_acf_changed":false},"product_brand":[],"product_cat":[1649,1535,1513,1470],"product_tag":[],"class_list":{"0":"post-20701","1":"product","2":"type-product","3":"status-publish","4":"has-post-thumbnail","6":"product_cat-holz-gehobelt","7":"product_cat-balken-und-pfosten-aus-holz","8":"product_cat-terrassen-und-balkone-aus-holz","9":"product_cat-massivholz","11":"first","12":"instock","13":"taxable","14":"shipping-taxable","15":"purchasable","16":"product-type-variable"},"acf":[],"_links":{"self":[{"href":"https:\/\/enipau.ro\/de\/wp-json\/wp\/v2\/product\/20701","targetHints":{"allow":["GET"]}}],"collection":[{"href":"https:\/\/enipau.ro\/de\/wp-json\/wp\/v2\/product"}],"about":[{"href":"https:\/\/enipau.ro\/de\/wp-json\/wp\/v2\/types\/product"}],"replies":[{"embeddable":true,"href":"https:\/\/enipau.ro\/de\/wp-json\/wp\/v2\/comments?post=20701"}],"wp:featuredmedia":[{"embeddable":true,"href":"https:\/\/enipau.ro\/de\/wp-json\/wp\/v2\/media\/20702"}],"wp:attachment":[{"href":"https:\/\/enipau.ro\/de\/wp-json\/wp\/v2\/media?parent=20701"}],"wp:term":[{"taxonomy":"product_brand","embeddable":true,"href":"https:\/\/enipau.ro\/de\/wp-json\/wp\/v2\/product_brand?post=20701"},{"taxonomy":"product_cat","embeddable":true,"href":"https:\/\/enipau.ro\/de\/wp-json\/wp\/v2\/product_cat?post=20701"},{"taxonomy":"product_tag","embeddable":true,"href":"https:\/\/enipau.ro\/de\/wp-json\/wp\/v2\/product_tag?post=20701"}],"curies":[{"name":"wp","href":"https:\/\/api.w.org\/{rel}","templated":true}]}}