{"id":20805,"date":"2020-04-17T13:10:47","date_gmt":"2020-04-17T13:10:47","guid":{"rendered":"https:\/\/enipau.ro\/produs\/unkategorisiert\/ungehobelte-nadelholz-bohle\/"},"modified":"2020-04-17T13:10:47","modified_gmt":"2020-04-17T13:10:47","slug":"ungehobelte-nadelholz-bohle","status":"publish","type":"product","link":"https:\/\/enipau.ro\/de\/produkt\/massivholz\/ungehobelte-nadelholz-bohle\/","title":{"rendered":"Ungehobelte Nadelholz-Bohle"},"content":{"rendered":"<p>Schnittholz ist also ein gr\u00fcnes und teilweise getrocknetes Brett aus Nadelholz. Die Gr\u00f6\u00dfen variieren je nach Kundenbedarf. Es kann f\u00fcr Schalungen, f\u00fcr den Dachstuhl und in der Zimmerei verwendet werden.<br \/>\nEs kann sowohl im Innen- als auch im Au\u00dfenbereich verwendet werden, solange es verschiedenen Pflegema\u00dfnahmen wie Streichen, Wachsen und Lackieren standh\u00e4lt.<\/p>\n","protected":false},"excerpt":{"rendered":"<p>Wir produzieren und vermarkten gr\u00fcne und teilweise getrocknete, harzige, unbehauene, gr\u00fcne und teilweise getrocknete Dielen.<\/p>\n","protected":false},"featured_media":20809,"comment_status":"closed","ping_status":"closed","template":"","meta":{"_acf_changed":false},"product_brand":[],"product_cat":[1648,1470],"product_tag":[],"class_list":{"0":"post-20805","1":"product","2":"type-product","3":"status-publish","4":"has-post-thumbnail","6":"product_cat-holzkonstruktion","7":"product_cat-massivholz","9":"first","10":"instock","11":"taxable","12":"shipping-taxable","13":"purchasable","14":"product-type-variable"},"acf":[],"_links":{"self":[{"href":"https:\/\/enipau.ro\/de\/wp-json\/wp\/v2\/product\/20805","targetHints":{"allow":["GET"]}}],"collection":[{"href":"https:\/\/enipau.ro\/de\/wp-json\/wp\/v2\/product"}],"about":[{"href":"https:\/\/enipau.ro\/de\/wp-json\/wp\/v2\/types\/product"}],"replies":[{"embeddable":true,"href":"https:\/\/enipau.ro\/de\/wp-json\/wp\/v2\/comments?post=20805"}],"wp:featuredmedia":[{"embeddable":true,"href":"https:\/\/enipau.ro\/de\/wp-json\/wp\/v2\/media\/20809"}],"wp:attachment":[{"href":"https:\/\/enipau.ro\/de\/wp-json\/wp\/v2\/media?parent=20805"}],"wp:term":[{"taxonomy":"product_brand","embeddable":true,"href":"https:\/\/enipau.ro\/de\/wp-json\/wp\/v2\/product_brand?post=20805"},{"taxonomy":"product_cat","embeddable":true,"href":"https:\/\/enipau.ro\/de\/wp-json\/wp\/v2\/product_cat?post=20805"},{"taxonomy":"product_tag","embeddable":true,"href":"https:\/\/enipau.ro\/de\/wp-json\/wp\/v2\/product_tag?post=20805"}],"curies":[{"name":"wp","href":"https:\/\/api.w.org\/{rel}","templated":true}]}}