{"id":20974,"date":"2020-04-25T13:25:21","date_gmt":"2020-04-25T13:25:21","guid":{"rendered":"https:\/\/enipau.ro\/produs\/unkategorisiert\/gehobeltes-gehobeltes-harziges-holz-klasse-a\/"},"modified":"2025-12-11T18:38:57","modified_gmt":"2025-12-11T18:38:57","slug":"gehobeltes-gehobeltes-harziges-holz-klasse-a","status":"publish","type":"product","link":"https:\/\/enipau.ro\/de\/produkt\/massivholz\/gehobeltes-gehobeltes-harziges-holz-klasse-a\/","title":{"rendered":"Gehobeltes, gehobeltes, harziges Holz, Klasse A"},"content":{"rendered":"<p>Das Brett wird in der Trockenkammer getrocknet und dann an vier Seiten gehobelt. F\u00fcr die Verwendung im Innenbereich sind bestimmte Behandlungen erforderlich, wie z.B. Lackieren, Streichen, Wachsen, also nicht so anspruchsvoll wie bei der Verwendung im Freien. Er kann \u00fcber einen langen Zeitraum gelagert werden und das Enipau-Team bietet je nach Kundenwunsch zus\u00e4tzliche Behandlungen \u00fcber die Grundbehandlungen hinaus an.<\/p>\n","protected":false},"excerpt":{"rendered":"<p>Gehobeltes Brett, getrocknet f\u00fcr den einfachen Einsatz im kleinen, leichten Innenausbau, fachgerecht behandelt entweder durch Wachsen, Lackieren oder Streichen. Wir impr\u00e4gnieren und behandeln das Holz in der gew\u00fcnschten Farbe und liefern es gebrauchsfertig f\u00fcr Ihre Konstruktion. Das Holz wird antiseptisch behandelt, um Sch\u00e4dlinge zu vernichten, und die Verarbeitung garantiert einen Materialverbrauch, der den Oberfl\u00e4chenschutz gew\u00e4hrleistet.<\/p>\n","protected":false},"featured_media":20975,"comment_status":"closed","ping_status":"closed","template":"","meta":{"_acf_changed":false},"product_brand":[],"product_cat":[1649,1535,1513,1470],"product_tag":[],"class_list":{"0":"post-20974","1":"product","2":"type-product","3":"status-publish","4":"has-post-thumbnail","6":"product_cat-holz-gehobelt","7":"product_cat-balken-und-pfosten-aus-holz","8":"product_cat-terrassen-und-balkone-aus-holz","9":"product_cat-massivholz","11":"first","12":"instock","13":"taxable","14":"shipping-taxable","15":"purchasable","16":"product-type-variable"},"acf":[],"_links":{"self":[{"href":"https:\/\/enipau.ro\/de\/wp-json\/wp\/v2\/product\/20974","targetHints":{"allow":["GET"]}}],"collection":[{"href":"https:\/\/enipau.ro\/de\/wp-json\/wp\/v2\/product"}],"about":[{"href":"https:\/\/enipau.ro\/de\/wp-json\/wp\/v2\/types\/product"}],"replies":[{"embeddable":true,"href":"https:\/\/enipau.ro\/de\/wp-json\/wp\/v2\/comments?post=20974"}],"wp:featuredmedia":[{"embeddable":true,"href":"https:\/\/enipau.ro\/de\/wp-json\/wp\/v2\/media\/20975"}],"wp:attachment":[{"href":"https:\/\/enipau.ro\/de\/wp-json\/wp\/v2\/media?parent=20974"}],"wp:term":[{"taxonomy":"product_brand","embeddable":true,"href":"https:\/\/enipau.ro\/de\/wp-json\/wp\/v2\/product_brand?post=20974"},{"taxonomy":"product_cat","embeddable":true,"href":"https:\/\/enipau.ro\/de\/wp-json\/wp\/v2\/product_cat?post=20974"},{"taxonomy":"product_tag","embeddable":true,"href":"https:\/\/enipau.ro\/de\/wp-json\/wp\/v2\/product_tag?post=20974"}],"curies":[{"name":"wp","href":"https:\/\/api.w.org\/{rel}","templated":true}]}}