{"id":21014,"date":"2020-05-10T07:57:29","date_gmt":"2020-05-10T07:57:29","guid":{"rendered":"https:\/\/enipau.ro\/produs\/unkategorisiert\/rashy-asterala\/"},"modified":"2020-05-10T07:57:29","modified_gmt":"2020-05-10T07:57:29","slug":"rashy-asterala","status":"publish","type":"product","link":"https:\/\/enipau.ro\/de\/produkt\/massivholz\/rashy-asterala\/","title":{"rendered":"Rashy Asterala"},"content":{"rendered":"<p>Das produzierte und vermarktete Holz stammt aus sehr guten Anbaugebieten in Europa. Es ist ideal und wird h\u00e4ufig in der Schreinerei, beim Hausbau oder bei anderen Konstruktionen verwendet. Es kann auch als St\u00fctze bei der Konstruktion von Regalen oder Tischen mit erh\u00f6hter Haltbarkeit dienen.<\/p>\n","protected":false},"excerpt":{"rendered":"<p>Wir produzieren und vermarkten Nadelholz-Schalungen, nicht poliert. Die Gr\u00f6\u00dfen variieren je nach Kundenbedarf. Sie werden f\u00fcr die Auskleidung des Dachstuhls, f\u00fcr Schalungen und Zimmereien verwendet.  <\/p>\n","protected":false},"featured_media":21019,"comment_status":"closed","ping_status":"closed","template":"","meta":{"_acf_changed":false},"product_brand":[],"product_cat":[1648,1470],"product_tag":[],"class_list":{"0":"post-21014","1":"product","2":"type-product","3":"status-publish","4":"has-post-thumbnail","6":"product_cat-holzkonstruktion","7":"product_cat-massivholz","9":"first","10":"instock","11":"taxable","12":"shipping-taxable","13":"purchasable","14":"product-type-simple"},"acf":[],"_links":{"self":[{"href":"https:\/\/enipau.ro\/de\/wp-json\/wp\/v2\/product\/21014","targetHints":{"allow":["GET"]}}],"collection":[{"href":"https:\/\/enipau.ro\/de\/wp-json\/wp\/v2\/product"}],"about":[{"href":"https:\/\/enipau.ro\/de\/wp-json\/wp\/v2\/types\/product"}],"replies":[{"embeddable":true,"href":"https:\/\/enipau.ro\/de\/wp-json\/wp\/v2\/comments?post=21014"}],"wp:featuredmedia":[{"embeddable":true,"href":"https:\/\/enipau.ro\/de\/wp-json\/wp\/v2\/media\/21019"}],"wp:attachment":[{"href":"https:\/\/enipau.ro\/de\/wp-json\/wp\/v2\/media?parent=21014"}],"wp:term":[{"taxonomy":"product_brand","embeddable":true,"href":"https:\/\/enipau.ro\/de\/wp-json\/wp\/v2\/product_brand?post=21014"},{"taxonomy":"product_cat","embeddable":true,"href":"https:\/\/enipau.ro\/de\/wp-json\/wp\/v2\/product_cat?post=21014"},{"taxonomy":"product_tag","embeddable":true,"href":"https:\/\/enipau.ro\/de\/wp-json\/wp\/v2\/product_tag?post=21014"}],"curies":[{"name":"wp","href":"https:\/\/api.w.org\/{rel}","templated":true}]}}