{"id":21034,"date":"2020-05-10T10:10:54","date_gmt":"2020-05-10T10:10:54","guid":{"rendered":"https:\/\/enipau.ro\/produs\/unkategorisiert\/trockener-nadelholz-schrank\/"},"modified":"2020-05-10T10:10:54","modified_gmt":"2020-05-10T10:10:54","slug":"trockener-nadelholz-schrank","status":"publish","type":"product","link":"https:\/\/enipau.ro\/de\/produkt\/massivholz\/trockener-nadelholz-schrank\/","title":{"rendered":"Trockener Nadelholz-Schrank"},"content":{"rendered":"<p>Dieses Nadelholz hat zwei, drei oder vier flache Seiten mit einem quadratischen oder rechteckigen Querschnitt und wird im Tischler- oder M\u00f6belbau verwendet. M\u00f6bel aus Holz haben eine l\u00e4ngere Lebensdauer als andere Materialien und verleihen Designerst\u00fccken ein nat\u00fcrliches, unverwechselbares Aussehen.<\/p>\n","protected":false},"excerpt":{"rendered":"<p>Getrockneter Schrank aus Nadelholz in verschiedenen Gr\u00f6\u00dfen. Das Holz, aus dem der Schrank gefertigt ist, wurde sowohl in der Trockenkammer als auch in der nat\u00fcrlichen Umgebung getrocknet. Wir haben sowohl Schr\u00e4nke der Kategorie A als auch der Kategorie B in einer gro\u00dfen Auswahl an verschiedenen Holzarten: Bretter, Schr\u00e4nke, Balken, Latten usw.  <\/p>\n","protected":false},"featured_media":20873,"comment_status":"closed","ping_status":"closed","template":"","meta":{"_acf_changed":false},"product_brand":[],"product_cat":[1470,1660],"product_tag":[],"class_list":{"0":"post-21034","1":"product","2":"type-product","3":"status-publish","4":"has-post-thumbnail","6":"product_cat-massivholz","7":"product_cat-trockenes-holz","9":"first","10":"instock","11":"taxable","12":"shipping-taxable","13":"purchasable","14":"product-type-variable"},"acf":[],"_links":{"self":[{"href":"https:\/\/enipau.ro\/de\/wp-json\/wp\/v2\/product\/21034","targetHints":{"allow":["GET"]}}],"collection":[{"href":"https:\/\/enipau.ro\/de\/wp-json\/wp\/v2\/product"}],"about":[{"href":"https:\/\/enipau.ro\/de\/wp-json\/wp\/v2\/types\/product"}],"replies":[{"embeddable":true,"href":"https:\/\/enipau.ro\/de\/wp-json\/wp\/v2\/comments?post=21034"}],"wp:featuredmedia":[{"embeddable":true,"href":"https:\/\/enipau.ro\/de\/wp-json\/wp\/v2\/media\/20873"}],"wp:attachment":[{"href":"https:\/\/enipau.ro\/de\/wp-json\/wp\/v2\/media?parent=21034"}],"wp:term":[{"taxonomy":"product_brand","embeddable":true,"href":"https:\/\/enipau.ro\/de\/wp-json\/wp\/v2\/product_brand?post=21034"},{"taxonomy":"product_cat","embeddable":true,"href":"https:\/\/enipau.ro\/de\/wp-json\/wp\/v2\/product_cat?post=21034"},{"taxonomy":"product_tag","embeddable":true,"href":"https:\/\/enipau.ro\/de\/wp-json\/wp\/v2\/product_tag?post=21034"}],"curies":[{"name":"wp","href":"https:\/\/api.w.org\/{rel}","templated":true}]}}