{"id":21038,"date":"2020-05-10T10:14:47","date_gmt":"2020-05-10T10:14:47","guid":{"rendered":"https:\/\/enipau.ro\/produs\/unkategorisiert\/getrocknete-buche-planke\/"},"modified":"2020-05-10T10:14:47","modified_gmt":"2020-05-10T10:14:47","slug":"getrocknete-buche-planke","status":"publish","type":"product","link":"https:\/\/enipau.ro\/de\/produkt\/trockenes-holz\/getrocknete-buche-planke\/","title":{"rendered":"Getrocknete Buche Planke"},"content":{"rendered":"<p>Buche ist hart und z\u00e4h, widerstandsf\u00e4hig gegen Druck. Es weist innere Spannungen auf, was zu inneren Rissen f\u00fchrt, sobald es gef\u00e4llt wird, da es zur Spaltung neigt und sich leicht verformt. Mittlere mechanische Eigenschaften, l\u00e4sst sich gut und leicht mit allen Werkzeugen bearbeiten, zerfasert leicht, ist bei schlechter Luftfeuchtigkeit nicht sehr haltbar. Kann geschnitten und ausgerollt werden. Reagiert gut auf Hobeln, Drechseln und Endbearbeitung.<\/p>\n","protected":false},"excerpt":{"rendered":"<p>Das Buchenholz, aus dem die Dielen hergestellt sind, wurde in der Trockenkammer getrocknet. Wir haben sowohl unbehandelte Bohlen der Kategorie A als auch der Kategorie B. Es wird als Rohmaterial f\u00fcr T\u00fcren, Fenster, Schr\u00e4nke, Tische, St\u00fchle usw. verwendet. Es kann auch f\u00fcr die Verarbeitung verschiedener Holzgegenst\u00e4nde in Schreinereien verwendet werden.  <\/p>\n","protected":false},"featured_media":21042,"comment_status":"closed","ping_status":"closed","template":"","meta":{"_acf_changed":false},"product_brand":[],"product_cat":[1660],"product_tag":[],"class_list":{"0":"post-21038","1":"product","2":"type-product","3":"status-publish","4":"has-post-thumbnail","6":"product_cat-trockenes-holz","8":"first","9":"instock","10":"taxable","11":"shipping-taxable","12":"purchasable","13":"product-type-simple"},"acf":[],"_links":{"self":[{"href":"https:\/\/enipau.ro\/de\/wp-json\/wp\/v2\/product\/21038","targetHints":{"allow":["GET"]}}],"collection":[{"href":"https:\/\/enipau.ro\/de\/wp-json\/wp\/v2\/product"}],"about":[{"href":"https:\/\/enipau.ro\/de\/wp-json\/wp\/v2\/types\/product"}],"replies":[{"embeddable":true,"href":"https:\/\/enipau.ro\/de\/wp-json\/wp\/v2\/comments?post=21038"}],"wp:featuredmedia":[{"embeddable":true,"href":"https:\/\/enipau.ro\/de\/wp-json\/wp\/v2\/media\/21042"}],"wp:attachment":[{"href":"https:\/\/enipau.ro\/de\/wp-json\/wp\/v2\/media?parent=21038"}],"wp:term":[{"taxonomy":"product_brand","embeddable":true,"href":"https:\/\/enipau.ro\/de\/wp-json\/wp\/v2\/product_brand?post=21038"},{"taxonomy":"product_cat","embeddable":true,"href":"https:\/\/enipau.ro\/de\/wp-json\/wp\/v2\/product_cat?post=21038"},{"taxonomy":"product_tag","embeddable":true,"href":"https:\/\/enipau.ro\/de\/wp-json\/wp\/v2\/product_tag?post=21038"}],"curies":[{"name":"wp","href":"https:\/\/api.w.org\/{rel}","templated":true}]}}