{"id":21088,"date":"2020-04-26T10:24:14","date_gmt":"2020-04-26T10:24:14","guid":{"rendered":"https:\/\/enipau.ro\/produs\/unkategorisiert\/nadelholz-dielen\/"},"modified":"2020-04-26T10:24:14","modified_gmt":"2020-04-26T10:24:14","slug":"nadelholz-dielen","status":"publish","type":"product","link":"https:\/\/enipau.ro\/de\/produkt\/massivholz\/nadelholz-dielen\/","title":{"rendered":"Nadelholz-Dielen"},"content":{"rendered":"<p>Ein besonderes Merkmal dieser Art von Dielen ist der Anti-Rutsch-Schlitz. W\u00e4hlen Sie Nadelholz-Dielen f\u00fcr den Innen- oder Au\u00dfenbereich und gestalten Sie Ihr Zuhause mit hochwertigen Holzmaterialien. Enipau hat \u00fcber 25 Jahre Erfahrung in der Holzverarbeitung. Wir liefern \u00fcberall im Land.<\/p>\n","protected":false},"excerpt":{"rendered":"<p>Wir produzieren und vermarkten Dielen aus massivem Nadelholz in verschiedenen Gr\u00f6\u00dfen. Das Holz, das f\u00fcr die Herstellung der Dielen verwendet wird, wurde in der Trockenkammer zu einer hohen Qualit\u00e4t getrocknet. Die Dielen haben Nuss- und Federverbindungen an den Seiten. Diese Art von Dielen wird f\u00fcr die Verkleidung von B\u00f6den in H\u00e4usern und H\u00fctten verwendet. Holzdielen haben zahlreiche Vorteile, wie z.B.: erh\u00f6hter W\u00e4rmekomfort, nat\u00fcrliches Aussehen und Haltbarkeit. Das Holz wird antiseptisch behandelt, um Sch\u00e4dlinge zu vernichten, und die Verarbeitung garantiert einen Materialverbrauch, der die Oberfl\u00e4che sch\u00fctzt.     <\/p>\n","protected":false},"featured_media":21089,"comment_status":"closed","ping_status":"closed","template":"","meta":{"_acf_changed":false},"product_brand":[],"product_cat":[1470,1667],"product_tag":[],"class_list":{"0":"post-21088","1":"product","2":"type-product","3":"status-publish","4":"has-post-thumbnail","6":"product_cat-massivholz","7":"product_cat-nadelholz-dielen","9":"first","10":"instock","11":"taxable","12":"shipping-taxable","13":"purchasable","14":"product-type-variable"},"acf":[],"_links":{"self":[{"href":"https:\/\/enipau.ro\/de\/wp-json\/wp\/v2\/product\/21088","targetHints":{"allow":["GET"]}}],"collection":[{"href":"https:\/\/enipau.ro\/de\/wp-json\/wp\/v2\/product"}],"about":[{"href":"https:\/\/enipau.ro\/de\/wp-json\/wp\/v2\/types\/product"}],"replies":[{"embeddable":true,"href":"https:\/\/enipau.ro\/de\/wp-json\/wp\/v2\/comments?post=21088"}],"wp:featuredmedia":[{"embeddable":true,"href":"https:\/\/enipau.ro\/de\/wp-json\/wp\/v2\/media\/21089"}],"wp:attachment":[{"href":"https:\/\/enipau.ro\/de\/wp-json\/wp\/v2\/media?parent=21088"}],"wp:term":[{"taxonomy":"product_brand","embeddable":true,"href":"https:\/\/enipau.ro\/de\/wp-json\/wp\/v2\/product_brand?post=21088"},{"taxonomy":"product_cat","embeddable":true,"href":"https:\/\/enipau.ro\/de\/wp-json\/wp\/v2\/product_cat?post=21088"},{"taxonomy":"product_tag","embeddable":true,"href":"https:\/\/enipau.ro\/de\/wp-json\/wp\/v2\/product_tag?post=21088"}],"curies":[{"name":"wp","href":"https:\/\/api.w.org\/{rel}","templated":true}]}}