{"id":21140,"date":"2020-05-10T17:26:42","date_gmt":"2020-05-10T17:26:42","guid":{"rendered":"https:\/\/enipau.ro\/produs\/unkategorisiert\/nuc-timber\/"},"modified":"2025-02-27T16:29:37","modified_gmt":"2025-02-27T16:29:37","slug":"nussholz","status":"publish","type":"product","link":"https:\/\/enipau.ro\/de\/produkt\/trockenes-holz\/nussholz\/","title":{"rendered":"Nussholz"},"content":{"rendered":"<p>Nussbaum ist ein hartes, gut strukturiertes, dunkel gef\u00e4rbtes, hartes aber leicht zu bearbeitendes Holz. Es ist resistent gegen Schwinden und Verziehen und kann unabh\u00e4ngig von der Gr\u00f6\u00dfe bearbeitet werden, wobei es viele Arten von Lacken und Farben akzeptiert. Nussbaum wird haupts\u00e4chlich f\u00fcr die Herstellung von massiven M\u00f6beln und Furnieren, Schr\u00e4nken und anderen dekorativen Holzelementen verwendet.<\/p>\n","protected":false},"excerpt":{"rendered":"<p>Trockenes, ungetrocknetes Walnussholz in verschiedenen Gr\u00f6\u00dfen. Das Schnittholz ist sowohl kammergetrocknet als auch kammergetrocknet. Wir haben ungetrocknetes Schnittholz der Kategorie A und der Kategorie B. Es wird als Rohstoff f\u00fcr die Herstellung von T\u00fcren, Fenstern, Schr\u00e4nken, Tischen, St\u00fchlen usw. verwendet. Es kann auch f\u00fcr die Verarbeitung verschiedener Holzgegenst\u00e4nde in Schreinereien verwendet werden.<\/p>\n","protected":false},"featured_media":21142,"comment_status":"closed","ping_status":"closed","template":"","meta":{"_acf_changed":false},"product_brand":[],"product_cat":[1660],"product_tag":[],"class_list":{"0":"post-21140","1":"product","2":"type-product","3":"status-publish","4":"has-post-thumbnail","6":"product_cat-trockenes-holz","8":"first","9":"instock","10":"taxable","11":"shipping-taxable","12":"purchasable","13":"product-type-simple"},"acf":[],"_links":{"self":[{"href":"https:\/\/enipau.ro\/de\/wp-json\/wp\/v2\/product\/21140","targetHints":{"allow":["GET"]}}],"collection":[{"href":"https:\/\/enipau.ro\/de\/wp-json\/wp\/v2\/product"}],"about":[{"href":"https:\/\/enipau.ro\/de\/wp-json\/wp\/v2\/types\/product"}],"replies":[{"embeddable":true,"href":"https:\/\/enipau.ro\/de\/wp-json\/wp\/v2\/comments?post=21140"}],"wp:featuredmedia":[{"embeddable":true,"href":"https:\/\/enipau.ro\/de\/wp-json\/wp\/v2\/media\/21142"}],"wp:attachment":[{"href":"https:\/\/enipau.ro\/de\/wp-json\/wp\/v2\/media?parent=21140"}],"wp:term":[{"taxonomy":"product_brand","embeddable":true,"href":"https:\/\/enipau.ro\/de\/wp-json\/wp\/v2\/product_brand?post=21140"},{"taxonomy":"product_cat","embeddable":true,"href":"https:\/\/enipau.ro\/de\/wp-json\/wp\/v2\/product_cat?post=21140"},{"taxonomy":"product_tag","embeddable":true,"href":"https:\/\/enipau.ro\/de\/wp-json\/wp\/v2\/product_tag?post=21140"}],"curies":[{"name":"wp","href":"https:\/\/api.w.org\/{rel}","templated":true}]}}