{"id":21180,"date":"2020-05-11T15:44:30","date_gmt":"2020-05-11T15:44:30","guid":{"rendered":"https:\/\/enipau.ro\/produs\/unkategorisiert\/sockelleiste-1\/"},"modified":"2020-05-11T15:44:30","modified_gmt":"2020-05-11T15:44:30","slug":"sockelleiste-1","status":"publish","type":"product","link":"https:\/\/enipau.ro\/de\/produkt\/sockelleiste-aus-holz\/sockelleiste-1\/","title":{"rendered":"Sockelleiste 1"},"content":{"rendered":"<p>Die funktionelle Rolle der Sockelleiste besteht darin, dass die Sockelleiste das Vorhandensein von Kabeln, die durch den Raum verlaufen, verdecken kann. Aus \u00e4sthetischer Sicht macht die Sockelleiste den \u00dcbergang von der Wand zum Boden oder zur Decke zu einem sch\u00f6nen Anblick. Es ist ratsam, Sockelleisten aus Holz zu verwenden, wenn sie neben einem Parkettboden oder an den Decken von Holzkabinen angebracht werden.<\/p>\n","protected":false},"excerpt":{"rendered":"<p>Wir produzieren und verkaufen profilierte Sockelleisten aus Holz in verschiedenen Gr\u00f6\u00dfen. Die Sockelleiste ist ein Element, das in der Regel unten an den W\u00e4nden angebracht wird, um den Boden abzugrenzen, aber auch an der Decke aus \u00e4sthetischen Gr\u00fcnden. <\/p>\n","protected":false},"featured_media":21181,"comment_status":"closed","ping_status":"closed","template":"","meta":{"_acf_changed":false},"product_brand":[],"product_cat":[1625],"product_tag":[],"class_list":{"0":"post-21180","1":"product","2":"type-product","3":"status-publish","4":"has-post-thumbnail","6":"product_cat-sockelleiste-aus-holz","8":"first","9":"instock","10":"taxable","11":"shipping-taxable","12":"purchasable","13":"product-type-simple"},"acf":[],"_links":{"self":[{"href":"https:\/\/enipau.ro\/de\/wp-json\/wp\/v2\/product\/21180","targetHints":{"allow":["GET"]}}],"collection":[{"href":"https:\/\/enipau.ro\/de\/wp-json\/wp\/v2\/product"}],"about":[{"href":"https:\/\/enipau.ro\/de\/wp-json\/wp\/v2\/types\/product"}],"replies":[{"embeddable":true,"href":"https:\/\/enipau.ro\/de\/wp-json\/wp\/v2\/comments?post=21180"}],"wp:featuredmedia":[{"embeddable":true,"href":"https:\/\/enipau.ro\/de\/wp-json\/wp\/v2\/media\/21181"}],"wp:attachment":[{"href":"https:\/\/enipau.ro\/de\/wp-json\/wp\/v2\/media?parent=21180"}],"wp:term":[{"taxonomy":"product_brand","embeddable":true,"href":"https:\/\/enipau.ro\/de\/wp-json\/wp\/v2\/product_brand?post=21180"},{"taxonomy":"product_cat","embeddable":true,"href":"https:\/\/enipau.ro\/de\/wp-json\/wp\/v2\/product_cat?post=21180"},{"taxonomy":"product_tag","embeddable":true,"href":"https:\/\/enipau.ro\/de\/wp-json\/wp\/v2\/product_tag?post=21180"}],"curies":[{"name":"wp","href":"https:\/\/api.w.org\/{rel}","templated":true}]}}