{"id":21212,"date":"2020-05-11T15:49:48","date_gmt":"2020-05-11T15:49:48","guid":{"rendered":"https:\/\/enipau.ro\/produs\/unkategorisiert\/sockelleiste-4\/"},"modified":"2020-05-11T15:49:48","modified_gmt":"2020-05-11T15:49:48","slug":"sockelleiste-4","status":"publish","type":"product","link":"https:\/\/enipau.ro\/de\/produkt\/sockelleiste-aus-holz\/sockelleiste-4\/","title":{"rendered":"Sockelleiste 4"},"content":{"rendered":"<p>Es ist ratsam, Sockelleisten aus Holz zu verwenden, wenn Sie sie neben einem Parkettboden oder an der Decke von Holzh\u00fctten einsetzen. Es gibt Sockelleisten, die mit speziellen Kan\u00e4len f\u00fcr die Verlegung von Kabel-, TV- oder Internetleitungen versehen sind, so dass es viel einfacher ist, ihr unansehnliches Aussehen zu verbergen. Andere Vorteile:  <\/p>\n<p>&#8211; Sie k\u00f6nnen an jedem beliebigen Ort installiert werden.<br \/>\n&#8211; Es h\u00e4lt sich sehr gut bei hoher Luftfeuchtigkeit.<br \/>\n&#8211; Hohe Sto\u00df- und Schlagfestigkeit.<br \/>\n&#8211; Es kann mit jeder Standardl\u00f6sung gereinigt werden<\/p>\n","protected":false},"excerpt":{"rendered":"<p>Wir produzieren und verkaufen profilierte Sockelleisten aus Holz in verschiedenen Gr\u00f6\u00dfen. Die Sockelleiste ist ein Element, das normalerweise unten an den W\u00e4nden angebracht wird, um den Boden von der Wand zu trennen. <\/p>\n","protected":false},"featured_media":21214,"comment_status":"closed","ping_status":"closed","template":"","meta":{"_acf_changed":false},"product_brand":[],"product_cat":[1625],"product_tag":[],"class_list":{"0":"post-21212","1":"product","2":"type-product","3":"status-publish","4":"has-post-thumbnail","6":"product_cat-sockelleiste-aus-holz","8":"first","9":"instock","10":"taxable","11":"shipping-taxable","12":"purchasable","13":"product-type-simple"},"acf":[],"_links":{"self":[{"href":"https:\/\/enipau.ro\/de\/wp-json\/wp\/v2\/product\/21212","targetHints":{"allow":["GET"]}}],"collection":[{"href":"https:\/\/enipau.ro\/de\/wp-json\/wp\/v2\/product"}],"about":[{"href":"https:\/\/enipau.ro\/de\/wp-json\/wp\/v2\/types\/product"}],"replies":[{"embeddable":true,"href":"https:\/\/enipau.ro\/de\/wp-json\/wp\/v2\/comments?post=21212"}],"wp:featuredmedia":[{"embeddable":true,"href":"https:\/\/enipau.ro\/de\/wp-json\/wp\/v2\/media\/21214"}],"wp:attachment":[{"href":"https:\/\/enipau.ro\/de\/wp-json\/wp\/v2\/media?parent=21212"}],"wp:term":[{"taxonomy":"product_brand","embeddable":true,"href":"https:\/\/enipau.ro\/de\/wp-json\/wp\/v2\/product_brand?post=21212"},{"taxonomy":"product_cat","embeddable":true,"href":"https:\/\/enipau.ro\/de\/wp-json\/wp\/v2\/product_cat?post=21212"},{"taxonomy":"product_tag","embeddable":true,"href":"https:\/\/enipau.ro\/de\/wp-json\/wp\/v2\/product_tag?post=21212"}],"curies":[{"name":"wp","href":"https:\/\/api.w.org\/{rel}","templated":true}]}}