{"id":21297,"date":"2020-05-14T14:56:21","date_gmt":"2020-05-14T14:56:21","guid":{"rendered":"https:\/\/enipau.ro\/produs\/unkategorisiert\/hardware\/"},"modified":"2020-05-14T14:56:21","modified_gmt":"2020-05-14T14:56:21","slug":"hardware","status":"publish","type":"product","link":"https:\/\/enipau.ro\/de\/produkt\/holzverbinder\/hardware\/","title":{"rendered":"Hardware"},"content":{"rendered":"<p>Enipau bietet eine gro\u00dfe Auswahl an Beschl\u00e4gen wie Scharniere und Schl\u00f6sser. Diese erm\u00f6glichen die Realisierung von Befestigungs- und Verschlusssystemen f\u00fcr Holzelemente wie T\u00fcren, Fenster, Schr\u00e4nke, etc.<\/p>\n","protected":false},"excerpt":{"rendered":"<p>Beschl\u00e4ge garantieren den Halt, die Abdichtung und die Beweglichkeit von Holzkonstruktionen und mehr. Wir bieten Ihnen ein umfassendes Sortiment an Schrauben, N\u00e4geln, D\u00fcbeln oder Beschl\u00e4gen f\u00fcr T\u00fcren, Fenster und M\u00f6bel sowie andere Befestigungselemente f\u00fcr den Au\u00dfenbereich. <\/p>\n<p><a class=\"btn btn-link\" href=\"https:\/\/enipau.ro\/app\/uploads\/2020\/05\/feronerie-734.pdf\" target=\"_blank\" rel=\"noopener noreferrer\">Siehe Katalog<\/a><\/p>\n","protected":false},"featured_media":21298,"comment_status":"closed","ping_status":"closed","template":"","meta":{"_acf_changed":false},"product_brand":[],"product_cat":[1536],"product_tag":[],"class_list":{"0":"post-21297","1":"product","2":"type-product","3":"status-publish","4":"has-post-thumbnail","6":"product_cat-holzverbinder","8":"first","9":"instock","10":"taxable","11":"shipping-taxable","12":"purchasable","13":"product-type-simple"},"acf":[],"_links":{"self":[{"href":"https:\/\/enipau.ro\/de\/wp-json\/wp\/v2\/product\/21297","targetHints":{"allow":["GET"]}}],"collection":[{"href":"https:\/\/enipau.ro\/de\/wp-json\/wp\/v2\/product"}],"about":[{"href":"https:\/\/enipau.ro\/de\/wp-json\/wp\/v2\/types\/product"}],"replies":[{"embeddable":true,"href":"https:\/\/enipau.ro\/de\/wp-json\/wp\/v2\/comments?post=21297"}],"wp:featuredmedia":[{"embeddable":true,"href":"https:\/\/enipau.ro\/de\/wp-json\/wp\/v2\/media\/21298"}],"wp:attachment":[{"href":"https:\/\/enipau.ro\/de\/wp-json\/wp\/v2\/media?parent=21297"}],"wp:term":[{"taxonomy":"product_brand","embeddable":true,"href":"https:\/\/enipau.ro\/de\/wp-json\/wp\/v2\/product_brand?post=21297"},{"taxonomy":"product_cat","embeddable":true,"href":"https:\/\/enipau.ro\/de\/wp-json\/wp\/v2\/product_cat?post=21297"},{"taxonomy":"product_tag","embeddable":true,"href":"https:\/\/enipau.ro\/de\/wp-json\/wp\/v2\/product_tag?post=21297"}],"curies":[{"name":"wp","href":"https:\/\/api.w.org\/{rel}","templated":true}]}}