{"id":21363,"date":"2020-05-14T14:35:56","date_gmt":"2020-05-14T14:35:56","guid":{"rendered":"https:\/\/enipau.ro\/produs\/unkategorisiert\/spax-zylinderschrauben-mit-innensechskant\/"},"modified":"2020-05-14T14:35:56","modified_gmt":"2020-05-14T14:35:56","slug":"spax-zylinderschrauben-mit-innensechskant","status":"publish","type":"product","link":"https:\/\/enipau.ro\/de\/produkt\/holzverbinder\/spax-zylinderschrauben-mit-innensechskant\/","title":{"rendered":"Spax Zylinderschrauben mit Innensechskant"},"content":{"rendered":"<p>Enipau bietet SPAX-Schrauben an, die f\u00fcr die Ausf\u00fchrung komplexer und empfindlicher Holzverbindungen geeignet sind. Die Schrauben sind mit einer gezackten Kante, einer 4CUT-Spitze und einer Gleitfl\u00e4che versehen. Sie sorgen f\u00fcr ein schnelles Anziehen auch von behandeltem Holz. Sie erfordern keine Vorbereitung und verringern das Risiko, dass das Holz spaltet.<\/p>\n","protected":false},"excerpt":{"rendered":"<p>Die Spax Zylinderkopfschrauben mit Innensechskant sind in verschiedenen Gr\u00f6\u00dfen und Formen erh\u00e4ltlich und k\u00f6nnen f\u00fcr jede Art von Innen- oder Au\u00dfenkonstruktion verwendet werden, unabh\u00e4ngig von ihrer Gr\u00f6\u00dfe oder Komplexit\u00e4t.<\/p>\n","protected":false},"featured_media":21365,"comment_status":"closed","ping_status":"closed","template":"","meta":{"_acf_changed":false},"product_brand":[],"product_cat":[1536],"product_tag":[],"class_list":{"0":"post-21363","1":"product","2":"type-product","3":"status-publish","4":"has-post-thumbnail","6":"product_cat-holzverbinder","8":"first","9":"instock","10":"taxable","11":"shipping-taxable","12":"purchasable","13":"product-type-variable"},"acf":[],"_links":{"self":[{"href":"https:\/\/enipau.ro\/de\/wp-json\/wp\/v2\/product\/21363","targetHints":{"allow":["GET"]}}],"collection":[{"href":"https:\/\/enipau.ro\/de\/wp-json\/wp\/v2\/product"}],"about":[{"href":"https:\/\/enipau.ro\/de\/wp-json\/wp\/v2\/types\/product"}],"replies":[{"embeddable":true,"href":"https:\/\/enipau.ro\/de\/wp-json\/wp\/v2\/comments?post=21363"}],"wp:featuredmedia":[{"embeddable":true,"href":"https:\/\/enipau.ro\/de\/wp-json\/wp\/v2\/media\/21365"}],"wp:attachment":[{"href":"https:\/\/enipau.ro\/de\/wp-json\/wp\/v2\/media?parent=21363"}],"wp:term":[{"taxonomy":"product_brand","embeddable":true,"href":"https:\/\/enipau.ro\/de\/wp-json\/wp\/v2\/product_brand?post=21363"},{"taxonomy":"product_cat","embeddable":true,"href":"https:\/\/enipau.ro\/de\/wp-json\/wp\/v2\/product_cat?post=21363"},{"taxonomy":"product_tag","embeddable":true,"href":"https:\/\/enipau.ro\/de\/wp-json\/wp\/v2\/product_tag?post=21363"}],"curies":[{"name":"wp","href":"https:\/\/api.w.org\/{rel}","templated":true}]}}