{"id":21502,"date":"2020-05-15T07:51:51","date_gmt":"2020-05-15T07:51:51","guid":{"rendered":"https:\/\/enipau.ro\/produs\/unkategorisiert\/profilpfosten-1-gehobeltes-holz-nadelholz-klasse-a-mit-seitenflaechen-in-zwei-profilboegen-fuer-terrassen-pergolen-pavillons-vordaecher\/"},"modified":"2020-05-15T07:51:51","modified_gmt":"2020-05-15T07:51:51","slug":"profilpfosten-1-gehobeltes-holz-nadelholz-klasse-a-mit-seitenflaechen-in-zwei-profilboegen-fuer-terrassen-pergolen-pavillons-vordaecher","status":"publish","type":"product","link":"https:\/\/enipau.ro\/de\/produkt\/massivholz\/profilpfosten-1-gehobeltes-holz-nadelholz-klasse-a-mit-seitenflaechen-in-zwei-profilboegen-fuer-terrassen-pergolen-pavillons-vordaecher\/","title":{"rendered":"Profilpfosten 1 gehobeltes Holz, Nadelholz, Klasse A, mit Seitenfl\u00e4chen in zwei Profilb\u00f6gen, f\u00fcr Terrassen, Pergolen, Pavillons, Vord\u00e4cher"},"content":{"rendered":"<p>Die profilierten Holzpfosten werden vor allem f\u00fcr Terrassen, Pergolen, Laubeng\u00e4nge und Vord\u00e4cher verwendet. Sie haben ein besonderes Aussehen und ein modernes Design mit den Seiten in zwei gebogenen Profilb\u00f6gen. Das Holz ist antiseptisch behandelt, um Sch\u00e4dlinge zu vernichten, und die Verarbeitung garantiert einen Materialverbrauch, der die Oberfl\u00e4che sch\u00fctzt.<\/p>\n","protected":false},"excerpt":{"rendered":"<p>W\u00e4hlen Sie eines der Profilpfostendesigns aus dem Enipau-Produktkatalog oder fragen Sie uns nach einem einzigartigen Design. Wir impr\u00e4gnieren und behandeln das Holz mit der gew\u00fcnschten Farbe und liefern es gebrauchsfertig f\u00fcr Ihre Konstruktion. <\/p>\n","protected":false},"featured_media":21503,"comment_status":"closed","ping_status":"closed","template":"","meta":{"_acf_changed":false},"product_brand":[],"product_cat":[1649,1535,1513,1470],"product_tag":[],"class_list":{"0":"post-21502","1":"product","2":"type-product","3":"status-publish","4":"has-post-thumbnail","6":"product_cat-holz-gehobelt","7":"product_cat-balken-und-pfosten-aus-holz","8":"product_cat-terrassen-und-balkone-aus-holz","9":"product_cat-massivholz","11":"first","12":"instock","13":"taxable","14":"shipping-taxable","15":"purchasable","16":"product-type-variable"},"acf":[],"_links":{"self":[{"href":"https:\/\/enipau.ro\/de\/wp-json\/wp\/v2\/product\/21502","targetHints":{"allow":["GET"]}}],"collection":[{"href":"https:\/\/enipau.ro\/de\/wp-json\/wp\/v2\/product"}],"about":[{"href":"https:\/\/enipau.ro\/de\/wp-json\/wp\/v2\/types\/product"}],"replies":[{"embeddable":true,"href":"https:\/\/enipau.ro\/de\/wp-json\/wp\/v2\/comments?post=21502"}],"wp:featuredmedia":[{"embeddable":true,"href":"https:\/\/enipau.ro\/de\/wp-json\/wp\/v2\/media\/21503"}],"wp:attachment":[{"href":"https:\/\/enipau.ro\/de\/wp-json\/wp\/v2\/media?parent=21502"}],"wp:term":[{"taxonomy":"product_brand","embeddable":true,"href":"https:\/\/enipau.ro\/de\/wp-json\/wp\/v2\/product_brand?post=21502"},{"taxonomy":"product_cat","embeddable":true,"href":"https:\/\/enipau.ro\/de\/wp-json\/wp\/v2\/product_cat?post=21502"},{"taxonomy":"product_tag","embeddable":true,"href":"https:\/\/enipau.ro\/de\/wp-json\/wp\/v2\/product_tag?post=21502"}],"curies":[{"name":"wp","href":"https:\/\/api.w.org\/{rel}","templated":true}]}}