{"id":21507,"date":"2020-05-15T07:58:17","date_gmt":"2020-05-15T07:58:17","guid":{"rendered":"https:\/\/enipau.ro\/produs\/unkategorisiert\/profilpfosten-4-gehobeltes-holz-nadelholz-klasse-a-mit-zwei-seitlichen-flaechen-in-profilboegen-und-zwei-geraden-flaechen-fuer-terrassen-pergolen-pavillons-vordaecher\/"},"modified":"2020-05-15T07:58:17","modified_gmt":"2020-05-15T07:58:17","slug":"profilpfosten-4-gehobeltes-holz-nadelholz-klasse-a-mit-zwei-seitlichen-flaechen-in-profilboegen-und-zwei-geraden-flaechen-fuer-terrassen-pergolen-pavillons-vordaecher","status":"publish","type":"product","link":"https:\/\/enipau.ro\/de\/produkt\/massivholz\/profilpfosten-4-gehobeltes-holz-nadelholz-klasse-a-mit-zwei-seitlichen-flaechen-in-profilboegen-und-zwei-geraden-flaechen-fuer-terrassen-pergolen-pavillons-vordaecher\/","title":{"rendered":"Profilpfosten 4 gehobeltes Holz, Nadelholz, Klasse A, mit zwei seitlichen Fl\u00e4chen in Profilb\u00f6gen und zwei geraden Fl\u00e4chen, f\u00fcr Terrassen, Pergolen, Pavillons, Vord\u00e4cher"},"content":{"rendered":"<p>Die profilierten Holzpfosten werden vor allem f\u00fcr Terrassen, Pergolen, Laubeng\u00e4nge und Vord\u00e4cher verwendet. Sie haben ein besonderes Aussehen und ein modernes Design mit zwei Seitenfl\u00e4chen in profilierten Kurven und zwei geraden Fl\u00e4chen. Das Holz ist antiseptisch behandelt, um Sch\u00e4dlinge zu vernichten, und die Verarbeitung garantiert einen Materialverbrauch, der die Oberfl\u00e4che sch\u00fctzt.<\/p>\n","protected":false},"excerpt":{"rendered":"<p>W\u00e4hlen Sie eines der Profilpfostendesigns aus dem Enipau-Produktkatalog oder fragen Sie uns nach einem einzigartigen Design. Wir impr\u00e4gnieren und behandeln das Holz mit der gew\u00fcnschten Farbe und liefern es gebrauchsfertig f\u00fcr Ihre Konstruktion. <\/p>\n","protected":false},"featured_media":21510,"comment_status":"closed","ping_status":"closed","template":"","meta":{"_acf_changed":false},"product_brand":[],"product_cat":[1649,1535,1513,1470],"product_tag":[],"class_list":{"0":"post-21507","1":"product","2":"type-product","3":"status-publish","4":"has-post-thumbnail","6":"product_cat-holz-gehobelt","7":"product_cat-balken-und-pfosten-aus-holz","8":"product_cat-terrassen-und-balkone-aus-holz","9":"product_cat-massivholz","11":"first","12":"instock","13":"taxable","14":"shipping-taxable","15":"purchasable","16":"product-type-variable"},"acf":[],"_links":{"self":[{"href":"https:\/\/enipau.ro\/de\/wp-json\/wp\/v2\/product\/21507","targetHints":{"allow":["GET"]}}],"collection":[{"href":"https:\/\/enipau.ro\/de\/wp-json\/wp\/v2\/product"}],"about":[{"href":"https:\/\/enipau.ro\/de\/wp-json\/wp\/v2\/types\/product"}],"replies":[{"embeddable":true,"href":"https:\/\/enipau.ro\/de\/wp-json\/wp\/v2\/comments?post=21507"}],"wp:featuredmedia":[{"embeddable":true,"href":"https:\/\/enipau.ro\/de\/wp-json\/wp\/v2\/media\/21510"}],"wp:attachment":[{"href":"https:\/\/enipau.ro\/de\/wp-json\/wp\/v2\/media?parent=21507"}],"wp:term":[{"taxonomy":"product_brand","embeddable":true,"href":"https:\/\/enipau.ro\/de\/wp-json\/wp\/v2\/product_brand?post=21507"},{"taxonomy":"product_cat","embeddable":true,"href":"https:\/\/enipau.ro\/de\/wp-json\/wp\/v2\/product_cat?post=21507"},{"taxonomy":"product_tag","embeddable":true,"href":"https:\/\/enipau.ro\/de\/wp-json\/wp\/v2\/product_tag?post=21507"}],"curies":[{"name":"wp","href":"https:\/\/api.w.org\/{rel}","templated":true}]}}