{"id":21528,"date":"2020-05-15T08:04:19","date_gmt":"2020-05-15T08:04:19","guid":{"rendered":"https:\/\/enipau.ro\/produs\/unkategorisiert\/u-foermiges-holzprofil-gehobelt-gehobelt-fuer-u-oder-l-foermige-holzzaeune\/"},"modified":"2020-05-15T08:04:19","modified_gmt":"2020-05-15T08:04:19","slug":"u-foermiges-holzprofil-gehobelt-gehobelt-fuer-u-oder-l-foermige-holzzaeune","status":"publish","type":"product","link":"https:\/\/enipau.ro\/de\/produkt\/massivholz\/u-foermiges-holzprofil-gehobelt-gehobelt-fuer-u-oder-l-foermige-holzzaeune\/","title":{"rendered":"U-f\u00f6rmiges Holzprofil, gehobelt, gehobelt, f\u00fcr U- oder L-f\u00f6rmige Holzz\u00e4une"},"content":{"rendered":"<p>Wir impr\u00e4gnieren und behandeln das Holz mit der gew\u00fcnschten Farbe und liefern die gebrauchsfertigen Elemente f\u00fcr Ihre Konstruktion. Das Holz wird antiseptisch behandelt, um Sch\u00e4dlinge zu vernichten, und die Verarbeitung garantiert einen Materialverbrauch, der den Oberfl\u00e4chenschutz gew\u00e4hrleistet.<\/p>\n","protected":false},"excerpt":{"rendered":"<p>Wird f\u00fcr U- oder L-f\u00f6rmige Holzz\u00e4une verwendet, auf Anfrage, je nach den Bed\u00fcrfnissen Ihres Projekts. Es wird als Verzierung von Trennw\u00e4nden verwendet. <\/p>\n","protected":false},"featured_media":21529,"comment_status":"closed","ping_status":"closed","template":"","meta":{"_acf_changed":false},"product_brand":[],"product_cat":[1649,1535,1513,1470],"product_tag":[],"class_list":{"0":"post-21528","1":"product","2":"type-product","3":"status-publish","4":"has-post-thumbnail","6":"product_cat-holz-gehobelt","7":"product_cat-balken-und-pfosten-aus-holz","8":"product_cat-terrassen-und-balkone-aus-holz","9":"product_cat-massivholz","11":"first","12":"instock","13":"taxable","14":"shipping-taxable","15":"purchasable","16":"product-type-variable"},"acf":[],"_links":{"self":[{"href":"https:\/\/enipau.ro\/de\/wp-json\/wp\/v2\/product\/21528","targetHints":{"allow":["GET"]}}],"collection":[{"href":"https:\/\/enipau.ro\/de\/wp-json\/wp\/v2\/product"}],"about":[{"href":"https:\/\/enipau.ro\/de\/wp-json\/wp\/v2\/types\/product"}],"replies":[{"embeddable":true,"href":"https:\/\/enipau.ro\/de\/wp-json\/wp\/v2\/comments?post=21528"}],"wp:featuredmedia":[{"embeddable":true,"href":"https:\/\/enipau.ro\/de\/wp-json\/wp\/v2\/media\/21529"}],"wp:attachment":[{"href":"https:\/\/enipau.ro\/de\/wp-json\/wp\/v2\/media?parent=21528"}],"wp:term":[{"taxonomy":"product_brand","embeddable":true,"href":"https:\/\/enipau.ro\/de\/wp-json\/wp\/v2\/product_brand?post=21528"},{"taxonomy":"product_cat","embeddable":true,"href":"https:\/\/enipau.ro\/de\/wp-json\/wp\/v2\/product_cat?post=21528"},{"taxonomy":"product_tag","embeddable":true,"href":"https:\/\/enipau.ro\/de\/wp-json\/wp\/v2\/product_tag?post=21528"}],"curies":[{"name":"wp","href":"https:\/\/api.w.org\/{rel}","templated":true}]}}