{"id":21534,"date":"2020-05-15T08:06:16","date_gmt":"2020-05-15T08:06:16","guid":{"rendered":"https:\/\/enipau.ro\/produs\/unkategorisiert\/gehobeltes-getrocknetes-holzbrett-fuer-dachabschluesse-mit-profil-harzhaltig-klasse-a\/"},"modified":"2025-12-11T18:54:00","modified_gmt":"2025-12-11T18:54:00","slug":"gehobeltes-getrocknetes-holzbrett-fuer-dachabschluesse-mit-profil-harzhaltig-klasse-a","status":"publish","type":"product","link":"https:\/\/enipau.ro\/de\/produkt\/massivholz\/gehobeltes-getrocknetes-holzbrett-fuer-dachabschluesse-mit-profil-harzhaltig-klasse-a\/","title":{"rendered":"Gehobeltes, getrocknetes Holzbrett f\u00fcr Dachabschl\u00fcsse mit Profil, harzhaltig, Klasse A"},"content":{"rendered":"<p>Ein profilierter Holzsparren ist ein Brett, das vertikal am \u00e4u\u00dferen Ende der Sparren eines Daches angebracht wird, um sie vor Blicken zu verbergen. Er ist mit zwei profilierten Kanten versehen und ausgestattet. Je nach Kundenwunsch fertigt Enipau eine zus\u00e4tzliche Ausf\u00fchrung zur Grundausf\u00fchrung an.<br \/>\nWir impr\u00e4gnieren und behandeln das Holz mit der gew\u00fcnschten Farbe und liefern es einsatzbereit f\u00fcr Ihre Konstruktion.<\/p>\n","protected":false},"excerpt":{"rendered":"<p>Wir produzieren und verkaufen profilierte Holzgel\u00e4nder in verschiedenen Ausf\u00fchrungen, trocken und gehobelt, in verschiedenen Gr\u00f6\u00dfen. Das Gel\u00e4nder ist ein Brett, das senkrecht am \u00e4u\u00dferen Ende der Sparren eines Daches angebracht wird, um diese vor Blicken zu verbergen. Es ist mit zwei profilierten Kanten versehen und bearbeitet. Je nach Kundenwunsch fertigt Enipau eine zus\u00e4tzliche Ausf\u00fchrung zur Grundausf\u00fchrung an. Das Holz wird antiseptisch behandelt, um Sch\u00e4dlinge zu vernichten, und die Verarbeitung garantiert einen Materialverbrauch, der die Oberfl\u00e4che sch\u00fctzt.<\/p>\n","protected":false},"featured_media":21536,"comment_status":"closed","ping_status":"closed","template":"","meta":{"_acf_changed":false},"product_brand":[],"product_cat":[1649,1535,1513,1470],"product_tag":[],"class_list":{"0":"post-21534","1":"product","2":"type-product","3":"status-publish","4":"has-post-thumbnail","6":"product_cat-holz-gehobelt","7":"product_cat-balken-und-pfosten-aus-holz","8":"product_cat-terrassen-und-balkone-aus-holz","9":"product_cat-massivholz","11":"first","12":"instock","13":"taxable","14":"shipping-taxable","15":"purchasable","16":"product-type-variable"},"acf":[],"_links":{"self":[{"href":"https:\/\/enipau.ro\/de\/wp-json\/wp\/v2\/product\/21534","targetHints":{"allow":["GET"]}}],"collection":[{"href":"https:\/\/enipau.ro\/de\/wp-json\/wp\/v2\/product"}],"about":[{"href":"https:\/\/enipau.ro\/de\/wp-json\/wp\/v2\/types\/product"}],"replies":[{"embeddable":true,"href":"https:\/\/enipau.ro\/de\/wp-json\/wp\/v2\/comments?post=21534"}],"wp:featuredmedia":[{"embeddable":true,"href":"https:\/\/enipau.ro\/de\/wp-json\/wp\/v2\/media\/21536"}],"wp:attachment":[{"href":"https:\/\/enipau.ro\/de\/wp-json\/wp\/v2\/media?parent=21534"}],"wp:term":[{"taxonomy":"product_brand","embeddable":true,"href":"https:\/\/enipau.ro\/de\/wp-json\/wp\/v2\/product_brand?post=21534"},{"taxonomy":"product_cat","embeddable":true,"href":"https:\/\/enipau.ro\/de\/wp-json\/wp\/v2\/product_cat?post=21534"},{"taxonomy":"product_tag","embeddable":true,"href":"https:\/\/enipau.ro\/de\/wp-json\/wp\/v2\/product_tag?post=21534"}],"curies":[{"name":"wp","href":"https:\/\/api.w.org\/{rel}","templated":true}]}}