{"id":21551,"date":"2020-05-15T09:34:04","date_gmt":"2020-05-15T09:34:04","guid":{"rendered":"https:\/\/enipau.ro\/produs\/unkategorisiert\/osb-platte\/"},"modified":"2020-05-15T09:34:04","modified_gmt":"2020-05-15T09:34:04","slug":"osb-platte","status":"publish","type":"product","link":"https:\/\/enipau.ro\/de\/produkt\/osb-de\/osb-platte\/","title":{"rendered":"Osb-Platte"},"content":{"rendered":"<p>OSB ist eine &#8216;junge&#8217;, steife Holzplatte, die aus einer Reihe von ausgerichteten Streifen besteht, in der Regel 3 an der Zahl. Diese Streifen sind gro\u00dfe Holzsplitter, die gepresst und hei\u00df verleimt werden, um einen starken Tr\u00e4ger zu bilden, der im Bauwesen verwendet wird.<br \/>\nDie Art und Weise, wie diese Streifen vor dem Pressen verlegt werden, ist der Grund f\u00fcr die hohe Festigkeit dieser Platten.<br \/>\nDie Trennw\u00e4nde eines jeden Innenraums bieten eine gute W\u00e4rme- und Schalld\u00e4mmung. Gleichzeitig sind diese OSB-W\u00e4nde zu einem Trend in der Inneneinrichtung geworden, da sie preislich erschwinglich und leicht zu verarbeiten sind.<\/p>\n","protected":false},"excerpt":{"rendered":"<p>OSB hat eine vielseitige strukturelle Funktion und eine sehr hohe Festigkeit. Vor der Verarbeitung werden diese Sp\u00e4ne mit Wachs und Leim bestreut, um die Platten einheitlich zu machen. Diese Platten k\u00f6nnen sowohl in nassen als auch in trockenen Umgebungen als tragende Platten verwendet werden.  <\/p>\n","protected":false},"featured_media":21557,"comment_status":"closed","ping_status":"closed","template":"","meta":{"_acf_changed":false},"product_brand":[],"product_cat":[1798],"product_tag":[],"class_list":{"0":"post-21551","1":"product","2":"type-product","3":"status-publish","4":"has-post-thumbnail","6":"product_cat-osb-de","8":"first","9":"instock","10":"taxable","11":"shipping-taxable","12":"purchasable","13":"product-type-variable"},"acf":[],"_links":{"self":[{"href":"https:\/\/enipau.ro\/de\/wp-json\/wp\/v2\/product\/21551","targetHints":{"allow":["GET"]}}],"collection":[{"href":"https:\/\/enipau.ro\/de\/wp-json\/wp\/v2\/product"}],"about":[{"href":"https:\/\/enipau.ro\/de\/wp-json\/wp\/v2\/types\/product"}],"replies":[{"embeddable":true,"href":"https:\/\/enipau.ro\/de\/wp-json\/wp\/v2\/comments?post=21551"}],"wp:featuredmedia":[{"embeddable":true,"href":"https:\/\/enipau.ro\/de\/wp-json\/wp\/v2\/media\/21557"}],"wp:attachment":[{"href":"https:\/\/enipau.ro\/de\/wp-json\/wp\/v2\/media?parent=21551"}],"wp:term":[{"taxonomy":"product_brand","embeddable":true,"href":"https:\/\/enipau.ro\/de\/wp-json\/wp\/v2\/product_brand?post=21551"},{"taxonomy":"product_cat","embeddable":true,"href":"https:\/\/enipau.ro\/de\/wp-json\/wp\/v2\/product_cat?post=21551"},{"taxonomy":"product_tag","embeddable":true,"href":"https:\/\/enipau.ro\/de\/wp-json\/wp\/v2\/product_tag?post=21551"}],"curies":[{"name":"wp","href":"https:\/\/api.w.org\/{rel}","templated":true}]}}