{"id":21560,"date":"2020-05-15T08:20:30","date_gmt":"2020-05-15T08:20:30","guid":{"rendered":"https:\/\/enipau.ro\/produs\/unkategorisiert\/gefaelschtes-schnittholz-nadelholz-klasse-a\/"},"modified":"2020-05-15T08:20:30","modified_gmt":"2020-05-15T08:20:30","slug":"gefaelschtes-schnittholz-nadelholz-klasse-a","status":"publish","type":"product","link":"https:\/\/enipau.ro\/de\/produkt\/massivholz\/gefaelschtes-schnittholz-nadelholz-klasse-a\/","title":{"rendered":"Gef\u00e4lschtes Schnittholz, Nadelholz, Klasse A"},"content":{"rendered":"<p>Bevor Sie sich entscheiden, wie die Konstruktion einer Terrasse aussehen soll, k\u00f6nnen Sie die Spezialisten von Enipau um eine Anleitung bitten. Dieses Produkt ist sowohl dekorativ als auch st\u00fctzend, denn es st\u00fctzt die Terrassenbalken.<\/p>\n","protected":false},"excerpt":{"rendered":"<p>Wir bieten Ihnen eine Gegenverkleidung an, die bei Terrassen oder Pavillons zwischen dem Balken und dem Pfosten f\u00fcr die Festigkeit, aber auch f\u00fcr \u00e4sthetische Zwecke verwendet wird. Das Produkt wird beim Kauf von Baumaterialien f\u00fcr H\u00e4user, Terrassen, Balkone, Pavillons usw. angeboten. Die Endst\u00fccke und Strebepfeiler werden auf Wunsch angebracht, montiert oder transportiert. Das Holz wird antiseptisch behandelt, um Sch\u00e4dlinge zu vernichten, und die Verarbeitung garantiert einen Materialverbrauch, der den Schutz der Oberfl\u00e4che gew\u00e4hrleistet.   <\/p>\n","protected":false},"featured_media":21563,"comment_status":"closed","ping_status":"closed","template":"","meta":{"_acf_changed":false},"product_brand":[],"product_cat":[1649,1535,1513,1470],"product_tag":[],"class_list":{"0":"post-21560","1":"product","2":"type-product","3":"status-publish","4":"has-post-thumbnail","6":"product_cat-holz-gehobelt","7":"product_cat-balken-und-pfosten-aus-holz","8":"product_cat-terrassen-und-balkone-aus-holz","9":"product_cat-massivholz","11":"first","12":"instock","13":"taxable","14":"shipping-taxable","15":"purchasable","16":"product-type-simple"},"acf":[],"_links":{"self":[{"href":"https:\/\/enipau.ro\/de\/wp-json\/wp\/v2\/product\/21560","targetHints":{"allow":["GET"]}}],"collection":[{"href":"https:\/\/enipau.ro\/de\/wp-json\/wp\/v2\/product"}],"about":[{"href":"https:\/\/enipau.ro\/de\/wp-json\/wp\/v2\/types\/product"}],"replies":[{"embeddable":true,"href":"https:\/\/enipau.ro\/de\/wp-json\/wp\/v2\/comments?post=21560"}],"wp:featuredmedia":[{"embeddable":true,"href":"https:\/\/enipau.ro\/de\/wp-json\/wp\/v2\/media\/21563"}],"wp:attachment":[{"href":"https:\/\/enipau.ro\/de\/wp-json\/wp\/v2\/media?parent=21560"}],"wp:term":[{"taxonomy":"product_brand","embeddable":true,"href":"https:\/\/enipau.ro\/de\/wp-json\/wp\/v2\/product_brand?post=21560"},{"taxonomy":"product_cat","embeddable":true,"href":"https:\/\/enipau.ro\/de\/wp-json\/wp\/v2\/product_cat?post=21560"},{"taxonomy":"product_tag","embeddable":true,"href":"https:\/\/enipau.ro\/de\/wp-json\/wp\/v2\/product_tag?post=21560"}],"curies":[{"name":"wp","href":"https:\/\/api.w.org\/{rel}","templated":true}]}}