{"id":21589,"date":"2020-05-15T09:01:04","date_gmt":"2020-05-15T09:01:04","guid":{"rendered":"https:\/\/enipau.ro\/produs\/unkategorisiert\/holzwinkelleiste-v\/"},"modified":"2020-05-15T09:01:04","modified_gmt":"2020-05-15T09:01:04","slug":"holzwinkelleiste-v","status":"publish","type":"product","link":"https:\/\/enipau.ro\/de\/produkt\/holzwinkelleiste\/holzwinkelleiste-v\/","title":{"rendered":"Holzwinkelleiste V"},"content":{"rendered":"<p>Wir bieten profilierte und bau\u00fcbliche Eckst\u00fccke aus Holz an, die zum Schutz und zur Verst\u00e4rkung der Eckverbindungen dienen. Sie werden auch zu \u00e4sthetischen, aber auch zu sch\u00fctzenden Zwecken f\u00fcr die Holzpfosten eines Hauses verwendet, um die Ecken des Hauses abzudecken und ihm ein leicht abgerundetes Aussehen zu verleihen.<\/p>\n","protected":false},"excerpt":{"rendered":"<p>Wir vermarkten und produzieren V-f\u00f6rmige Holzwinkelleisten f\u00fcr die Verbindung von Holzelementen, sowohl in \u00e4sthetischer als auch in funktioneller Hinsicht.<\/p>\n","protected":false},"featured_media":21591,"comment_status":"closed","ping_status":"closed","template":"","meta":{"_acf_changed":false},"product_brand":[],"product_cat":[1792],"product_tag":[],"class_list":{"0":"post-21589","1":"product","2":"type-product","3":"status-publish","4":"has-post-thumbnail","6":"product_cat-holzwinkelleiste","8":"first","9":"instock","10":"taxable","11":"shipping-taxable","12":"purchasable","13":"product-type-variable","14":"has-default-attributes"},"acf":[],"_links":{"self":[{"href":"https:\/\/enipau.ro\/de\/wp-json\/wp\/v2\/product\/21589","targetHints":{"allow":["GET"]}}],"collection":[{"href":"https:\/\/enipau.ro\/de\/wp-json\/wp\/v2\/product"}],"about":[{"href":"https:\/\/enipau.ro\/de\/wp-json\/wp\/v2\/types\/product"}],"replies":[{"embeddable":true,"href":"https:\/\/enipau.ro\/de\/wp-json\/wp\/v2\/comments?post=21589"}],"wp:featuredmedia":[{"embeddable":true,"href":"https:\/\/enipau.ro\/de\/wp-json\/wp\/v2\/media\/21591"}],"wp:attachment":[{"href":"https:\/\/enipau.ro\/de\/wp-json\/wp\/v2\/media?parent=21589"}],"wp:term":[{"taxonomy":"product_brand","embeddable":true,"href":"https:\/\/enipau.ro\/de\/wp-json\/wp\/v2\/product_brand?post=21589"},{"taxonomy":"product_cat","embeddable":true,"href":"https:\/\/enipau.ro\/de\/wp-json\/wp\/v2\/product_cat?post=21589"},{"taxonomy":"product_tag","embeddable":true,"href":"https:\/\/enipau.ro\/de\/wp-json\/wp\/v2\/product_tag?post=21589"}],"curies":[{"name":"wp","href":"https:\/\/api.w.org\/{rel}","templated":true}]}}