{"id":21597,"date":"2020-05-22T15:58:01","date_gmt":"2020-05-22T15:58:01","guid":{"rendered":"https:\/\/enipau.ro\/produs\/unkategorisiert\/bettdecke-mit-abgerundetem-profil\/"},"modified":"2020-05-22T15:58:01","modified_gmt":"2020-05-22T15:58:01","slug":"bettdecke-mit-abgerundetem-profil","status":"publish","type":"product","link":"https:\/\/enipau.ro\/de\/produkt\/massivholz\/bettdecke-mit-abgerundetem-profil\/","title":{"rendered":"Bettdecke mit abgerundetem Profil"},"content":{"rendered":"<p>Im Innenbereich verwendet, bietet es den klassischen und ungew\u00f6hnlichen Look eines gew\u00f6hnlichen Parketts. Wie auch immer Ihre Bed\u00fcrfnisse aussehen, das Team von Enipau kann Ihr Holz auf Anfrage bearbeiten. Diese Art von Dielen wird f\u00fcr die Verkleidung von B\u00f6den in Wohnungen und H\u00e4usern verwendet. Holzparkett hat viele Vorteile wie erh\u00f6hten W\u00e4rmekomfort, nat\u00fcrliches Aussehen und Haltbarkeit.<\/p>\n","protected":false},"excerpt":{"rendered":"<p>Das f\u00fcr die Herstellung der Dielen verwendete Holz wurde in der Trockenkammer zu einer hohen Qualit\u00e4t getrocknet. Die Dielen haben Nuss- und Federverbindungen an den Seiten. Diese Art von Dielen wird f\u00fcr die Trennung von B\u00f6den in Blockh\u00fctten oder Holzh\u00e4usern verwendet. Das Holz wird antiseptisch behandelt, um Sch\u00e4dlinge zu vernichten, und die Verarbeitung garantiert einen Materialverbrauch, der die Oberfl\u00e4che sch\u00fctzt.   <\/p>\n","protected":false},"featured_media":21599,"comment_status":"closed","ping_status":"closed","template":"","meta":{"_acf_changed":false},"product_brand":[],"product_cat":[1470,1667],"product_tag":[],"class_list":{"0":"post-21597","1":"product","2":"type-product","3":"status-publish","4":"has-post-thumbnail","6":"product_cat-massivholz","7":"product_cat-nadelholz-dielen","9":"first","10":"instock","11":"taxable","12":"shipping-taxable","13":"purchasable","14":"product-type-variable","15":"has-default-attributes"},"acf":[],"_links":{"self":[{"href":"https:\/\/enipau.ro\/de\/wp-json\/wp\/v2\/product\/21597","targetHints":{"allow":["GET"]}}],"collection":[{"href":"https:\/\/enipau.ro\/de\/wp-json\/wp\/v2\/product"}],"about":[{"href":"https:\/\/enipau.ro\/de\/wp-json\/wp\/v2\/types\/product"}],"replies":[{"embeddable":true,"href":"https:\/\/enipau.ro\/de\/wp-json\/wp\/v2\/comments?post=21597"}],"wp:featuredmedia":[{"embeddable":true,"href":"https:\/\/enipau.ro\/de\/wp-json\/wp\/v2\/media\/21599"}],"wp:attachment":[{"href":"https:\/\/enipau.ro\/de\/wp-json\/wp\/v2\/media?parent=21597"}],"wp:term":[{"taxonomy":"product_brand","embeddable":true,"href":"https:\/\/enipau.ro\/de\/wp-json\/wp\/v2\/product_brand?post=21597"},{"taxonomy":"product_cat","embeddable":true,"href":"https:\/\/enipau.ro\/de\/wp-json\/wp\/v2\/product_cat?post=21597"},{"taxonomy":"product_tag","embeddable":true,"href":"https:\/\/enipau.ro\/de\/wp-json\/wp\/v2\/product_tag?post=21597"}],"curies":[{"name":"wp","href":"https:\/\/api.w.org\/{rel}","templated":true}]}}