{"id":21605,"date":"2020-06-05T17:38:30","date_gmt":"2020-06-05T17:38:30","guid":{"rendered":"https:\/\/enipau.ro\/produs\/unkategorisiert\/40mm-harziges-nadelholz-dielen\/"},"modified":"2020-06-05T17:38:30","modified_gmt":"2020-06-05T17:38:30","slug":"40mm-harziges-nadelholz-dielen","status":"publish","type":"product","link":"https:\/\/enipau.ro\/de\/produkt\/massivholz\/40mm-harziges-nadelholz-dielen\/","title":{"rendered":"40mm harziges Nadelholz-Dielen"},"content":{"rendered":"<p>Wir produzieren und vertreiben Nadelholz-Dielen mit einer Luftkammer in verschiedenen Gr\u00f6\u00dfen. Sie ist 40 mm dick und hat zwei Seiten, eine aus Holz und die andere aus Holzvert\u00e4felung. Das f\u00fcr die Herstellung der Dielen verwendete Holz wurde zu einer hohen Qualit\u00e4t getrocknet. Die Dielen haben Nuss- und Federverbindungen an den Seiten. Diese Art von Dielen wird f\u00fcr die Trennung von B\u00f6den in Blockh\u00fctten oder Blockh\u00e4usern verwendet. Das Holz ist antiseptisch behandelt, um Sch\u00e4dlinge zu vernichten, und die Verarbeitung garantiert einen Materialverbrauch, der den Oberfl\u00e4chenschutz gew\u00e4hrleistet.<\/p>\n","protected":false},"excerpt":{"rendered":"<p>Nadelholz-Dielen, mit L\u00fcftungsschlitzen, 40 mm.<\/p>\n","protected":false},"featured_media":21607,"comment_status":"closed","ping_status":"closed","template":"","meta":{"_acf_changed":false},"product_brand":[],"product_cat":[1470,1667],"product_tag":[],"class_list":{"0":"post-21605","1":"product","2":"type-product","3":"status-publish","4":"has-post-thumbnail","6":"product_cat-massivholz","7":"product_cat-nadelholz-dielen","9":"first","10":"instock","11":"taxable","12":"shipping-taxable","13":"purchasable","14":"product-type-variable","15":"has-default-attributes"},"acf":[],"_links":{"self":[{"href":"https:\/\/enipau.ro\/de\/wp-json\/wp\/v2\/product\/21605","targetHints":{"allow":["GET"]}}],"collection":[{"href":"https:\/\/enipau.ro\/de\/wp-json\/wp\/v2\/product"}],"about":[{"href":"https:\/\/enipau.ro\/de\/wp-json\/wp\/v2\/types\/product"}],"replies":[{"embeddable":true,"href":"https:\/\/enipau.ro\/de\/wp-json\/wp\/v2\/comments?post=21605"}],"wp:featuredmedia":[{"embeddable":true,"href":"https:\/\/enipau.ro\/de\/wp-json\/wp\/v2\/media\/21607"}],"wp:attachment":[{"href":"https:\/\/enipau.ro\/de\/wp-json\/wp\/v2\/media?parent=21605"}],"wp:term":[{"taxonomy":"product_brand","embeddable":true,"href":"https:\/\/enipau.ro\/de\/wp-json\/wp\/v2\/product_brand?post=21605"},{"taxonomy":"product_cat","embeddable":true,"href":"https:\/\/enipau.ro\/de\/wp-json\/wp\/v2\/product_cat?post=21605"},{"taxonomy":"product_tag","embeddable":true,"href":"https:\/\/enipau.ro\/de\/wp-json\/wp\/v2\/product_tag?post=21605"}],"curies":[{"name":"wp","href":"https:\/\/api.w.org\/{rel}","templated":true}]}}