{"id":21628,"date":"2020-05-27T15:16:43","date_gmt":"2020-05-27T15:16:43","guid":{"rendered":"https:\/\/enipau.ro\/produs\/unkategorisiert\/antiker-sparren\/"},"modified":"2020-05-27T15:16:43","modified_gmt":"2020-05-27T15:16:43","slug":"antiker-sparren","status":"publish","type":"product","link":"https:\/\/enipau.ro\/de\/produkt\/antiquiertes-holz\/antiker-sparren\/","title":{"rendered":"Antiker Sparren"},"content":{"rendered":"<p>Das Antiquieren oder die Technik des Alterns von Holz beschreibt Oberfl\u00e4chenbehandlungen, die dem Holz eine besondere Textur verleihen. Oft hat das Holz &#8220;Sch\u00f6nheitsfehler&#8221;, die eigentlich nat\u00fcrlich vorkommen: Kratzer, kleine L\u00f6cher, Verwerfungen, Verblassen und Kantenabnutzung. Dieses schmutzige oder \u00f6lige\/gl\u00e4nzende Aussehen sch\u00fctzt das Holz, unterstreicht aber perfekt das Vintage-Design. Der Antikisierungsprozess umfasst ein spezielles Trocknen, Hobeln und auf Wunsch auch eine spezielle Behandlung, sobald feststeht, wie das Holz in der Wohnung verwendet werden soll.<\/p>\n","protected":false},"excerpt":{"rendered":"<p>Wir bieten antikisierte Dachsparren sowohl f\u00fcr den Innen- als auch f\u00fcr den Au\u00dfenbereich auf den D\u00e4chern von H\u00e4usern oder H\u00fctten an. Je nachdem, was Sie suchen, k\u00f6nnen wir Ihnen mit technischen Informationen \u00fcber den Lack, den Glanzgrad oder die Methode zum Antiken des Holzes weiterhelfen. Der Preis beinhaltet NICHT die Impr\u00e4gnierung mit Millesi-Lack auf Wachsbasis. Klassische Farbt\u00f6ne wie Anthrazitgrau, Wei\u00df, Off-White, Off-White, Creme oder beliebige andere Farbt\u00f6ne k\u00f6nnen anhand einer Farbpalette ausgew\u00e4hlt werden.   <\/p>\n","protected":false},"featured_media":21636,"comment_status":"closed","ping_status":"closed","template":"","meta":{"_acf_changed":false},"product_brand":[],"product_cat":[1423,1424],"product_tag":[],"class_list":{"0":"post-21628","1":"product","2":"type-product","3":"status-publish","4":"has-post-thumbnail","6":"product_cat-antiquiertes-holz","7":"product_cat-innenverkleidung","9":"first","10":"instock","11":"taxable","12":"shipping-taxable","13":"purchasable","14":"product-type-variable"},"acf":[],"_links":{"self":[{"href":"https:\/\/enipau.ro\/de\/wp-json\/wp\/v2\/product\/21628","targetHints":{"allow":["GET"]}}],"collection":[{"href":"https:\/\/enipau.ro\/de\/wp-json\/wp\/v2\/product"}],"about":[{"href":"https:\/\/enipau.ro\/de\/wp-json\/wp\/v2\/types\/product"}],"replies":[{"embeddable":true,"href":"https:\/\/enipau.ro\/de\/wp-json\/wp\/v2\/comments?post=21628"}],"wp:featuredmedia":[{"embeddable":true,"href":"https:\/\/enipau.ro\/de\/wp-json\/wp\/v2\/media\/21636"}],"wp:attachment":[{"href":"https:\/\/enipau.ro\/de\/wp-json\/wp\/v2\/media?parent=21628"}],"wp:term":[{"taxonomy":"product_brand","embeddable":true,"href":"https:\/\/enipau.ro\/de\/wp-json\/wp\/v2\/product_brand?post=21628"},{"taxonomy":"product_cat","embeddable":true,"href":"https:\/\/enipau.ro\/de\/wp-json\/wp\/v2\/product_cat?post=21628"},{"taxonomy":"product_tag","embeddable":true,"href":"https:\/\/enipau.ro\/de\/wp-json\/wp\/v2\/product_tag?post=21628"}],"curies":[{"name":"wp","href":"https:\/\/api.w.org\/{rel}","templated":true}]}}