{"id":21775,"date":"2020-05-27T15:30:07","date_gmt":"2020-05-27T15:30:07","guid":{"rendered":"https:\/\/enipau.ro\/produs\/unkategorisiert\/antiquierter-balken\/"},"modified":"2020-05-27T15:30:07","modified_gmt":"2020-05-27T15:30:07","slug":"antiquierter-balken","status":"publish","type":"product","link":"https:\/\/enipau.ro\/de\/produkt\/antiquiertes-holz\/antiquierter-balken\/","title":{"rendered":"Antiquierter Balken"},"content":{"rendered":"<p>Balken sind ein weiteres Material, das antikisiert werden kann und f\u00fcr Terrassen, D\u00e4cher, Decken oder Dachb\u00f6den verwendet werden kann. Aber bevor Sie sich f\u00fcr ein Muster entscheiden, sollten Sie Ihren Enipau-Techniker konsultieren, denn oft k\u00f6nnen Sie Holzkombinationen f\u00fcr denselben Raum oder verschiedene antikisierte H\u00f6lzer f\u00fcr spezielle Bereiche Ihres Hauses w\u00e4hlen. Der Prozess des Antikisierens umfasst ein spezielles Trocknen und Hobeln. Anschlie\u00dfend werden auf Wunsch spezielle Behandlungen durchgef\u00fchrt, sobald die Verwendung im Hausprojekt feststeht.<\/p>\n","protected":false},"excerpt":{"rendered":"<p>Unter Antikisierung verstehen wir Techniken zur Alterung von Holz, die ausschlie\u00dflich der Optik und der Verschmelzung mit anderen Designelementen dienen. Diese Techniken schm\u00e4lern nicht die Qualit\u00e4t des Holzes, sondern sind leichte Veredelungen, die zudem nat\u00fcrliche M\u00e4ngel des Holzes \u00fcberdecken k\u00f6nnen. Der Preis beinhaltet NICHT die Impr\u00e4gnierung mit dem Millesi-Wachslack. Klassische Farbt\u00f6ne wie Anthrazitgrau, Wei\u00df, Off-White, Off-White, Creme oder beliebige andere Farbt\u00f6ne k\u00f6nnen anhand einer Farbpalette ausgew\u00e4hlt werden.   <\/p>\n","protected":false},"featured_media":21637,"comment_status":"closed","ping_status":"closed","template":"","meta":{"_acf_changed":false},"product_brand":[],"product_cat":[1423,1424],"product_tag":[],"class_list":{"0":"post-21775","1":"product","2":"type-product","3":"status-publish","4":"has-post-thumbnail","6":"product_cat-antiquiertes-holz","7":"product_cat-innenverkleidung","9":"first","10":"instock","11":"taxable","12":"shipping-taxable","13":"purchasable","14":"product-type-variable"},"acf":[],"_links":{"self":[{"href":"https:\/\/enipau.ro\/de\/wp-json\/wp\/v2\/product\/21775","targetHints":{"allow":["GET"]}}],"collection":[{"href":"https:\/\/enipau.ro\/de\/wp-json\/wp\/v2\/product"}],"about":[{"href":"https:\/\/enipau.ro\/de\/wp-json\/wp\/v2\/types\/product"}],"replies":[{"embeddable":true,"href":"https:\/\/enipau.ro\/de\/wp-json\/wp\/v2\/comments?post=21775"}],"wp:featuredmedia":[{"embeddable":true,"href":"https:\/\/enipau.ro\/de\/wp-json\/wp\/v2\/media\/21637"}],"wp:attachment":[{"href":"https:\/\/enipau.ro\/de\/wp-json\/wp\/v2\/media?parent=21775"}],"wp:term":[{"taxonomy":"product_brand","embeddable":true,"href":"https:\/\/enipau.ro\/de\/wp-json\/wp\/v2\/product_brand?post=21775"},{"taxonomy":"product_cat","embeddable":true,"href":"https:\/\/enipau.ro\/de\/wp-json\/wp\/v2\/product_cat?post=21775"},{"taxonomy":"product_tag","embeddable":true,"href":"https:\/\/enipau.ro\/de\/wp-json\/wp\/v2\/product_tag?post=21775"}],"curies":[{"name":"wp","href":"https:\/\/api.w.org\/{rel}","templated":true}]}}