{"id":17571,"date":"2021-02-14T12:43:54","date_gmt":"2021-02-14T12:43:54","guid":{"rendered":"https:\/\/enipau.ro\/produs\/uncategorized\/u-shaped-u-shaped-base-with-rod\/"},"modified":"2021-02-14T12:43:54","modified_gmt":"2021-02-14T12:43:54","slug":"u-shaped-u-shaped-base-with-rod","status":"publish","type":"product","link":"https:\/\/enipau.ro\/en\/product\/wooden-connectors-hardware\/u-shaped-u-shaped-base-with-rod\/","title":{"rendered":"U-shaped U-shaped base with rod"},"content":{"rendered":"<p>Enipau comercializeaz\u0103 papuc reazem \u00een form\u0103 de U cu tij\u0103, pentru sarcini u\u0219oare. The U-shaped U-shaped anchor bolt with rod is used in timber construction, for fixing rafters or planks. So, depending on the size, you can use them in wooden houses, roof trusses, roof additions, pavilions, garages, awnings, pergolas, pergolas, dividing walls, terraces, gates, fences, railings, gazebos, children&#8217;s playground equipment, etc&#8230;  <\/p>\n<p>&nbsp;<\/p>\n<p>&nbsp;<\/p>\n","protected":false},"excerpt":{"rendered":"<p>The retaining dowels play an important role in fixing the wooden elements of any construction, especially wooden posts. It is a useful element in timber assembly and is used in house construction. It is made of galvanized sheet steel.    <span style=\"font-weight: 400;\">AxBxC matches the size in the menu, choose the right product for your construction.  <\/span><\/p>\n","protected":false},"featured_media":17206,"comment_status":"closed","ping_status":"closed","template":"","meta":{"_acf_changed":false},"product_brand":[],"product_cat":[1014],"product_tag":[],"class_list":{"0":"post-17571","1":"product","2":"type-product","3":"status-publish","4":"has-post-thumbnail","6":"product_cat-wooden-connectors-hardware","8":"first","9":"instock","10":"taxable","11":"shipping-taxable","12":"purchasable","13":"product-type-variable"},"acf":[],"_links":{"self":[{"href":"https:\/\/enipau.ro\/en\/wp-json\/wp\/v2\/product\/17571","targetHints":{"allow":["GET"]}}],"collection":[{"href":"https:\/\/enipau.ro\/en\/wp-json\/wp\/v2\/product"}],"about":[{"href":"https:\/\/enipau.ro\/en\/wp-json\/wp\/v2\/types\/product"}],"replies":[{"embeddable":true,"href":"https:\/\/enipau.ro\/en\/wp-json\/wp\/v2\/comments?post=17571"}],"wp:featuredmedia":[{"embeddable":true,"href":"https:\/\/enipau.ro\/en\/wp-json\/wp\/v2\/media\/17206"}],"wp:attachment":[{"href":"https:\/\/enipau.ro\/en\/wp-json\/wp\/v2\/media?parent=17571"}],"wp:term":[{"taxonomy":"product_brand","embeddable":true,"href":"https:\/\/enipau.ro\/en\/wp-json\/wp\/v2\/product_brand?post=17571"},{"taxonomy":"product_cat","embeddable":true,"href":"https:\/\/enipau.ro\/en\/wp-json\/wp\/v2\/product_cat?post=17571"},{"taxonomy":"product_tag","embeddable":true,"href":"https:\/\/enipau.ro\/en\/wp-json\/wp\/v2\/product_tag?post=17571"}],"curies":[{"name":"wp","href":"https:\/\/api.w.org\/{rel}","templated":true}]}}