{"id":22513,"date":"2025-01-15T16:20:59","date_gmt":"2025-01-15T16:20:59","guid":{"rendered":"https:\/\/enipau.ro\/produs\/fara-categorie\/bois-exotique-de-cedre-rouge\/"},"modified":"2025-03-11T08:24:12","modified_gmt":"2025-03-11T08:24:12","slug":"bois-exotique-de-cedre-rouge","status":"publish","type":"product","link":"https:\/\/enipau.ro\/fr\/produit\/bois-exotique\/bois-exotique-de-cedre-rouge\/","title":{"rendered":"Bois exotique de c\u00e8dre rouge"},"content":{"rendered":"<p><strong>Caract\u00e9ristiques :<\/strong><\/p>\n<ul>\n<li><strong>Texture :<\/strong> L\u00e9g\u00e8re, poreuse, sans fibres saillantes, ce qui la rend facile \u00e0 travailler et \u00e0 sculpter.<\/li>\n<li><strong>Stabilit\u00e9 :<\/strong> Gr\u00e2ce \u00e0 sa faible densit\u00e9, le c\u00e8dre est facile \u00e0 travailler et pr\u00e9sente une stabilit\u00e9 dimensionnelle exceptionnelle.<\/li>\n<\/ul>\n<p><strong>Principales utilisations :<\/strong><\/p>\n<ul>\n<li><strong>Ext\u00e9rieur :<\/strong> rev\u00eatement de b\u00e2timent, lambris, \u00e9l\u00e9ments de rev\u00eatement.<\/li>\n<li><strong>Int\u00e9rieur :<\/strong> construction de saunas en raison de l&#8217;odeur agr\u00e9able.<\/li>\n<li><strong>Autres utilisations :<\/strong> bo\u00eetes, instruments de musique, ornements, bo\u00eetes \u00e0 cigares.<\/li>\n<\/ul>\n<p>Le c\u00e8dre est appr\u00e9ci\u00e9 pour sa facilit\u00e9 de mise en \u0153uvre et sa stabilit\u00e9, ce qui le rend id\u00e9al pour la construction ext\u00e9rieure et les applications d\u00e9coratives.<\/p>\n","protected":false},"excerpt":{"rendered":"<p>Bois exotique sec, d\u00e9lign\u00e9, classe A. Le bois exotique est un choix de premier ordre, id\u00e9al pour les projets qui allient qualit\u00e9 et esth\u00e9tique. Le c\u00e8dre est un arbre imposant, qui atteint une hauteur de 65 \u00e0 70 m\u00e8tres et un diam\u00e8tre de 3 \u00e0 4 m\u00e8tres. Son bois de c\u0153ur est de couleur brun rouge\u00e2tre avec des reflets ros\u00e9s et son aubier est blanch\u00e2tre avec des reflets jaun\u00e2tres. Les planches peuvent parfois pr\u00e9senter des rayures d&#8217;un rouge intense.   <\/p>\n","protected":false},"featured_media":22514,"comment_status":"closed","ping_status":"closed","template":"","meta":{"_acf_changed":false},"product_brand":[],"product_cat":[1875],"product_tag":[],"class_list":{"0":"post-22513","1":"product","2":"type-product","3":"status-publish","4":"has-post-thumbnail","6":"product_cat-bois-exotique","8":"first","9":"instock","10":"taxable","11":"shipping-taxable","12":"purchasable","13":"product-type-variable"},"acf":[],"_links":{"self":[{"href":"https:\/\/enipau.ro\/fr\/wp-json\/wp\/v2\/product\/22513","targetHints":{"allow":["GET"]}}],"collection":[{"href":"https:\/\/enipau.ro\/fr\/wp-json\/wp\/v2\/product"}],"about":[{"href":"https:\/\/enipau.ro\/fr\/wp-json\/wp\/v2\/types\/product"}],"replies":[{"embeddable":true,"href":"https:\/\/enipau.ro\/fr\/wp-json\/wp\/v2\/comments?post=22513"}],"wp:featuredmedia":[{"embeddable":true,"href":"https:\/\/enipau.ro\/fr\/wp-json\/wp\/v2\/media\/22514"}],"wp:attachment":[{"href":"https:\/\/enipau.ro\/fr\/wp-json\/wp\/v2\/media?parent=22513"}],"wp:term":[{"taxonomy":"product_brand","embeddable":true,"href":"https:\/\/enipau.ro\/fr\/wp-json\/wp\/v2\/product_brand?post=22513"},{"taxonomy":"product_cat","embeddable":true,"href":"https:\/\/enipau.ro\/fr\/wp-json\/wp\/v2\/product_cat?post=22513"},{"taxonomy":"product_tag","embeddable":true,"href":"https:\/\/enipau.ro\/fr\/wp-json\/wp\/v2\/product_tag?post=22513"}],"curies":[{"name":"wp","href":"https:\/\/api.w.org\/{rel}","templated":true}]}}