{"id":22559,"date":"2025-01-14T15:55:31","date_gmt":"2025-01-14T15:55:31","guid":{"rendered":"https:\/\/enipau.ro\/produs\/uncategorized\/bois-exotique-iroko\/"},"modified":"2025-01-14T15:55:31","modified_gmt":"2025-01-14T15:55:31","slug":"bois-exotique-iroko","status":"publish","type":"product","link":"https:\/\/enipau.ro\/fr\/produit\/bois-exotique\/bois-exotique-iroko\/","title":{"rendered":"Bois exotique Iroko"},"content":{"rendered":"<p><strong>Principales utilisations :<\/strong><\/p>\n<ul>\n<li><strong>Industrie :<\/strong> conteneurs, f\u00fbts, conteneurs pour produits chimiques, tables de laboratoire, construction navale.<\/li>\n<li><strong>A l&#8217;ext\u00e9rieur :<\/strong> mobilier de jardin, rev\u00eatement de sol.<\/li>\n<li><strong>Alternative :<\/strong> Teck, Doussi\u00e9, Ch\u00eane et Douglas.<\/li>\n<\/ul>\n<p><strong>Transformation :<\/strong><br \/>\nBien que la transformation soit bonne, les outils s&#8217;usent rapidement en raison de la forte teneur en min\u00e9raux. Il peut \u00eatre facilement coup\u00e9, tourn\u00e9, ponc\u00e9 et sabl\u00e9, mais les traitements de surface peuvent endommager la peinture. <\/p>\n<p>L&#8217;Iroko est un excellent choix pour les projets d&#8217;ext\u00e9rieur et de haute performance et constitue un remplacement id\u00e9al pour d&#8217;autres bois durs.<\/p>\n","protected":false},"excerpt":{"rendered":"<p>Bois exotique sec, aviv\u00e9, grade A. Les bois exotiques sont un choix de premier ordre, parfait pour les projets qui allient qualit\u00e9 et esth\u00e9tique. La couleur du bois d&#8217;Iroko va du jaune-gris au brun clair, puis au dor\u00e9 ou au brun olive. L&#8217;Alburnum est blanc jaun\u00e2tre \u00e0 gris\u00e2tre et sa texture d\u00e9corative est disponible en coupes tangentielles et radiales.  <\/p>\n","protected":false},"featured_media":22560,"comment_status":"closed","ping_status":"closed","template":"","meta":{"_acf_changed":false},"product_brand":[],"product_cat":[1875],"product_tag":[],"class_list":{"0":"post-22559","1":"product","2":"type-product","3":"status-publish","4":"has-post-thumbnail","6":"product_cat-bois-exotique","8":"first","9":"instock","10":"taxable","11":"shipping-taxable","12":"purchasable","13":"product-type-variable","14":"has-default-attributes"},"acf":[],"_links":{"self":[{"href":"https:\/\/enipau.ro\/fr\/wp-json\/wp\/v2\/product\/22559","targetHints":{"allow":["GET"]}}],"collection":[{"href":"https:\/\/enipau.ro\/fr\/wp-json\/wp\/v2\/product"}],"about":[{"href":"https:\/\/enipau.ro\/fr\/wp-json\/wp\/v2\/types\/product"}],"replies":[{"embeddable":true,"href":"https:\/\/enipau.ro\/fr\/wp-json\/wp\/v2\/comments?post=22559"}],"wp:featuredmedia":[{"embeddable":true,"href":"https:\/\/enipau.ro\/fr\/wp-json\/wp\/v2\/media\/22560"}],"wp:attachment":[{"href":"https:\/\/enipau.ro\/fr\/wp-json\/wp\/v2\/media?parent=22559"}],"wp:term":[{"taxonomy":"product_brand","embeddable":true,"href":"https:\/\/enipau.ro\/fr\/wp-json\/wp\/v2\/product_brand?post=22559"},{"taxonomy":"product_cat","embeddable":true,"href":"https:\/\/enipau.ro\/fr\/wp-json\/wp\/v2\/product_cat?post=22559"},{"taxonomy":"product_tag","embeddable":true,"href":"https:\/\/enipau.ro\/fr\/wp-json\/wp\/v2\/product_tag?post=22559"}],"curies":[{"name":"wp","href":"https:\/\/api.w.org\/{rel}","templated":true}]}}