{"id":22603,"date":"2025-01-14T16:05:16","date_gmt":"2025-01-14T16:05:16","guid":{"rendered":"https:\/\/enipau.ro\/produs\/uncategorized\/bois-exotique-wenge\/"},"modified":"2025-01-14T16:05:16","modified_gmt":"2025-01-14T16:05:16","slug":"bois-exotique-wenge","status":"publish","type":"product","link":"https:\/\/enipau.ro\/fr\/produit\/bois-exotique\/bois-exotique-wenge\/","title":{"rendered":"Bois exotique Wenge"},"content":{"rendered":"<p><strong>Principales utilisations :<\/strong><\/p>\n<ul>\n<li><strong>Int\u00e9rieur :<\/strong> meubles (de la petite pi\u00e8ce au meuble d&#8217;art), lambris, parquets, sols, escaliers, portes.<\/li>\n<li><strong>Projets sp\u00e9ciaux :<\/strong> placage esth\u00e9tique et instruments de musique.<\/li>\n<\/ul>\n<p>Bien que son traitement puisse n\u00e9cessiter des pr\u00e9cautions suppl\u00e9mentaires, le bois Wenge offre un r\u00e9sultat spectaculaire, ce qui le rend id\u00e9al pour les projets qui allient fonctionnalit\u00e9 et esth\u00e9tique.<\/p>\n","protected":false},"excerpt":{"rendered":"<p>Bois exotique sec, d\u00e9lign\u00e9, classe A. Les bois exotiques sont un choix de premier ordre, parfait pour les projets qui allient qualit\u00e9 et esth\u00e9tique. Le weng\u00e9 a un aubier blanc jaun\u00e2tre \u00e0 blanc gris et un bois de c\u0153ur en deux tons de brun clair, compl\u00e9t\u00e9 par une texture d\u00e9corative radiale et tangentielle. <\/p>\n","protected":false},"featured_media":22606,"comment_status":"closed","ping_status":"closed","template":"","meta":{"_acf_changed":false},"product_brand":[],"product_cat":[1875],"product_tag":[],"class_list":{"0":"post-22603","1":"product","2":"type-product","3":"status-publish","4":"has-post-thumbnail","6":"product_cat-bois-exotique","8":"first","9":"instock","10":"taxable","11":"shipping-taxable","12":"purchasable","13":"product-type-variable"},"acf":[],"_links":{"self":[{"href":"https:\/\/enipau.ro\/fr\/wp-json\/wp\/v2\/product\/22603","targetHints":{"allow":["GET"]}}],"collection":[{"href":"https:\/\/enipau.ro\/fr\/wp-json\/wp\/v2\/product"}],"about":[{"href":"https:\/\/enipau.ro\/fr\/wp-json\/wp\/v2\/types\/product"}],"replies":[{"embeddable":true,"href":"https:\/\/enipau.ro\/fr\/wp-json\/wp\/v2\/comments?post=22603"}],"wp:featuredmedia":[{"embeddable":true,"href":"https:\/\/enipau.ro\/fr\/wp-json\/wp\/v2\/media\/22606"}],"wp:attachment":[{"href":"https:\/\/enipau.ro\/fr\/wp-json\/wp\/v2\/media?parent=22603"}],"wp:term":[{"taxonomy":"product_brand","embeddable":true,"href":"https:\/\/enipau.ro\/fr\/wp-json\/wp\/v2\/product_brand?post=22603"},{"taxonomy":"product_cat","embeddable":true,"href":"https:\/\/enipau.ro\/fr\/wp-json\/wp\/v2\/product_cat?post=22603"},{"taxonomy":"product_tag","embeddable":true,"href":"https:\/\/enipau.ro\/fr\/wp-json\/wp\/v2\/product_tag?post=22603"}],"curies":[{"name":"wp","href":"https:\/\/api.w.org\/{rel}","templated":true}]}}