{"id":22709,"date":"2023-07-19T22:53:12","date_gmt":"2023-07-19T22:53:12","guid":{"rendered":"https:\/\/enipau.ro\/produs\/uncategorized\/pin-nordique\/"},"modified":"2023-07-19T22:53:12","modified_gmt":"2023-07-19T22:53:12","slug":"pin-nordique","status":"publish","type":"product","link":"https:\/\/enipau.ro\/fr\/produit\/terrasse-en-bois\/pin-nordique\/","title":{"rendered":"Pin nordique"},"content":{"rendered":"<p>&nbsp;<\/p>\n<p>&nbsp;<\/p>\n","protected":false},"excerpt":{"rendered":"<p>En utilisant des essences de bois r\u00e9sineux, trait\u00e9es pour un usage ext\u00e9rieur, nous voulons que la durabilit\u00e9 soit le principal avantage lorsque vous choisissez un rev\u00eatement de sol r\u00e9sineux. Il se caract\u00e9rise par une longue dur\u00e9e de vie, une r\u00e9sistance aux intemp\u00e9ries, une forte adh\u00e9rence, ne gonfle pas et ne se d\u00e9forme pas, mais a une texture confortable. Il peut \u00eatre fini sur mesure et utilis\u00e9 autour des piscines, des pavillons de jardin ou d&#8217;autres applications ext\u00e9rieures. Le bois est trait\u00e9 antiseptiquement pour d\u00e9truire les parasites et le traitement garantit une consommation de mat\u00e9riau qui assure la protection de la surface.   <\/p>\n<p>&nbsp;<\/p>\n","protected":false},"featured_media":22714,"comment_status":"closed","ping_status":"closed","template":"","meta":{"_acf_changed":false},"product_brand":[],"product_cat":[1948],"product_tag":[],"class_list":{"0":"post-22709","1":"product","2":"type-product","3":"status-publish","4":"has-post-thumbnail","6":"product_cat-terrasse-en-bois","8":"first","9":"instock","10":"taxable","11":"shipping-taxable","12":"purchasable","13":"product-type-variable"},"acf":[],"_links":{"self":[{"href":"https:\/\/enipau.ro\/fr\/wp-json\/wp\/v2\/product\/22709","targetHints":{"allow":["GET"]}}],"collection":[{"href":"https:\/\/enipau.ro\/fr\/wp-json\/wp\/v2\/product"}],"about":[{"href":"https:\/\/enipau.ro\/fr\/wp-json\/wp\/v2\/types\/product"}],"replies":[{"embeddable":true,"href":"https:\/\/enipau.ro\/fr\/wp-json\/wp\/v2\/comments?post=22709"}],"wp:featuredmedia":[{"embeddable":true,"href":"https:\/\/enipau.ro\/fr\/wp-json\/wp\/v2\/media\/22714"}],"wp:attachment":[{"href":"https:\/\/enipau.ro\/fr\/wp-json\/wp\/v2\/media?parent=22709"}],"wp:term":[{"taxonomy":"product_brand","embeddable":true,"href":"https:\/\/enipau.ro\/fr\/wp-json\/wp\/v2\/product_brand?post=22709"},{"taxonomy":"product_cat","embeddable":true,"href":"https:\/\/enipau.ro\/fr\/wp-json\/wp\/v2\/product_cat?post=22709"},{"taxonomy":"product_tag","embeddable":true,"href":"https:\/\/enipau.ro\/fr\/wp-json\/wp\/v2\/product_tag?post=22709"}],"curies":[{"name":"wp","href":"https:\/\/api.w.org\/{rel}","templated":true}]}}