{"id":22766,"date":"2024-04-23T11:35:05","date_gmt":"2024-04-23T11:35:05","guid":{"rendered":"https:\/\/enipau.ro\/produs\/uncategorized\/padouk-bois-exotique-scie-ep7\/"},"modified":"2024-04-23T11:35:05","modified_gmt":"2024-04-23T11:35:05","slug":"padouk-bois-exotique-scie-ep7","status":"publish","type":"product","link":"https:\/\/enipau.ro\/fr\/produit\/lambris-exterieur\/padouk-bois-exotique-scie-ep7\/","title":{"rendered":"Padouk Bois exotique sci\u00e9 EP7"},"content":{"rendered":"<p>Le padouk sci\u00e9 est un bois exotique originaire d&#8217;Afrique de l&#8217;Ouest et d&#8217;Afrique centrale, appr\u00e9ci\u00e9 pour sa couleur rouge-orange et sa grande durabilit\u00e9. Utilis\u00e9 dans la construction et l&#8217;am\u00e9nagement paysager, ce bois r\u00e9siste bien aux conditions extr\u00eames et est utilis\u00e9 dans une vari\u00e9t\u00e9 d&#8217;applications, y compris les planchers, les murs d&#8217;accent, les meubles d&#8217;ext\u00e9rieur, les escaliers, les rev\u00eatements et d&#8217;autres projets d&#8217;am\u00e9nagement int\u00e9rieur et ext\u00e9rieur. Bien qu&#8217;il soit consid\u00e9r\u00e9 comme plus cher, il est appr\u00e9ci\u00e9 pour son aspect attrayant et ses propri\u00e9t\u00e9s durables.<\/p>\n","protected":false},"excerpt":{"rendered":"<p>Le padouk sci\u00e9 est un bois exotique originaire d&#8217;Afrique de l&#8217;Ouest et d&#8217;Afrique centrale, appr\u00e9ci\u00e9 pour sa couleur rouge-orange et &hellip; <a href=\"https:\/\/enipau.ro\/fr\/produit\/lambris-exterieur\/padouk-bois-exotique-scie-ep7\/\">Continued<\/a><\/p>\n","protected":false},"featured_media":22768,"comment_status":"closed","ping_status":"closed","template":"","meta":{"_acf_changed":false},"product_brand":[],"product_cat":[1955,1954,1923],"product_tag":[],"class_list":{"0":"post-22766","1":"product","2":"type-product","3":"status-publish","4":"has-post-thumbnail","6":"product_cat-bois-de-padouk","7":"product_cat-facades-en-bois-exotique","8":"product_cat-lambris-exterieur","10":"first","11":"instock","12":"taxable","13":"shipping-taxable","14":"purchasable","15":"product-type-variable"},"acf":[],"_links":{"self":[{"href":"https:\/\/enipau.ro\/fr\/wp-json\/wp\/v2\/product\/22766","targetHints":{"allow":["GET"]}}],"collection":[{"href":"https:\/\/enipau.ro\/fr\/wp-json\/wp\/v2\/product"}],"about":[{"href":"https:\/\/enipau.ro\/fr\/wp-json\/wp\/v2\/types\/product"}],"replies":[{"embeddable":true,"href":"https:\/\/enipau.ro\/fr\/wp-json\/wp\/v2\/comments?post=22766"}],"wp:featuredmedia":[{"embeddable":true,"href":"https:\/\/enipau.ro\/fr\/wp-json\/wp\/v2\/media\/22768"}],"wp:attachment":[{"href":"https:\/\/enipau.ro\/fr\/wp-json\/wp\/v2\/media?parent=22766"}],"wp:term":[{"taxonomy":"product_brand","embeddable":true,"href":"https:\/\/enipau.ro\/fr\/wp-json\/wp\/v2\/product_brand?post=22766"},{"taxonomy":"product_cat","embeddable":true,"href":"https:\/\/enipau.ro\/fr\/wp-json\/wp\/v2\/product_cat?post=22766"},{"taxonomy":"product_tag","embeddable":true,"href":"https:\/\/enipau.ro\/fr\/wp-json\/wp\/v2\/product_tag?post=22766"}],"curies":[{"name":"wp","href":"https:\/\/api.w.org\/{rel}","templated":true}]}}