{"id":22780,"date":"2024-04-23T11:39:16","date_gmt":"2024-04-23T11:39:16","guid":{"rendered":"https:\/\/enipau.ro\/produs\/uncategorized\/jutai-bois-exotique-ep9\/"},"modified":"2024-04-23T11:39:16","modified_gmt":"2024-04-23T11:39:16","slug":"jutai-bois-exotique-ep9","status":"publish","type":"product","link":"https:\/\/enipau.ro\/fr\/produit\/lambris-exterieur\/jutai-bois-exotique-ep9\/","title":{"rendered":"Jutai bois exotique EP9"},"content":{"rendered":"<p>Le bois exotique Jutai est originaire d&#8217;Am\u00e9rique du Sud et est appr\u00e9ci\u00e9 pour sa durabilit\u00e9 et sa r\u00e9sistance \u00e0 la pourriture, aux insectes et au pourrissement. C&#8217;est un bois qui convient aux environnements humides et extr\u00eames. La couleur du bois de Jutai va du brun fonc\u00e9 au brun rouge\u00e2tre, avec des nuances vari\u00e9es et un aspect naturel attrayant. Sa texture peut \u00eatre uniforme ou pr\u00e9senter des motifs et des veines sp\u00e9cifiques, ce qui conf\u00e8re un charme particulier aux projets. En raison de sa durabilit\u00e9 et de son attrait esth\u00e9tique, le Jutai est utilis\u00e9 dans une grande vari\u00e9t\u00e9 d&#8217;applications, notamment pour la construction de sols, de murs, de meubles, de rampes et d&#8217;autres projets d&#8217;am\u00e9nagement int\u00e9rieur et ext\u00e9rieur.<\/p>\n","protected":false},"excerpt":{"rendered":"<p>Le bois exotique Jutai est originaire d&#8217;Am\u00e9rique du Sud et est appr\u00e9ci\u00e9 pour sa durabilit\u00e9 et sa r\u00e9sistance \u00e0 la &hellip; <a href=\"https:\/\/enipau.ro\/fr\/produit\/lambris-exterieur\/jutai-bois-exotique-ep9\/\">Continued<\/a><\/p>\n","protected":false},"featured_media":22784,"comment_status":"closed","ping_status":"closed","template":"","meta":{"_acf_changed":false},"product_brand":[],"product_cat":[1959,1954,1923,1958,1948],"product_tag":[],"class_list":{"0":"post-22780","1":"product","2":"type-product","3":"status-publish","4":"has-post-thumbnail","6":"product_cat-bois-de-jutai","7":"product_cat-facades-en-bois-exotique","8":"product_cat-lambris-exterieur","9":"product_cat-plancher-et-terrasse-en-bois-exotique","10":"product_cat-terrasse-en-bois","12":"first","13":"instock","14":"taxable","15":"shipping-taxable","16":"purchasable","17":"product-type-variable"},"acf":[],"_links":{"self":[{"href":"https:\/\/enipau.ro\/fr\/wp-json\/wp\/v2\/product\/22780","targetHints":{"allow":["GET"]}}],"collection":[{"href":"https:\/\/enipau.ro\/fr\/wp-json\/wp\/v2\/product"}],"about":[{"href":"https:\/\/enipau.ro\/fr\/wp-json\/wp\/v2\/types\/product"}],"replies":[{"embeddable":true,"href":"https:\/\/enipau.ro\/fr\/wp-json\/wp\/v2\/comments?post=22780"}],"wp:featuredmedia":[{"embeddable":true,"href":"https:\/\/enipau.ro\/fr\/wp-json\/wp\/v2\/media\/22784"}],"wp:attachment":[{"href":"https:\/\/enipau.ro\/fr\/wp-json\/wp\/v2\/media?parent=22780"}],"wp:term":[{"taxonomy":"product_brand","embeddable":true,"href":"https:\/\/enipau.ro\/fr\/wp-json\/wp\/v2\/product_brand?post=22780"},{"taxonomy":"product_cat","embeddable":true,"href":"https:\/\/enipau.ro\/fr\/wp-json\/wp\/v2\/product_cat?post=22780"},{"taxonomy":"product_tag","embeddable":true,"href":"https:\/\/enipau.ro\/fr\/wp-json\/wp\/v2\/product_tag?post=22780"}],"curies":[{"name":"wp","href":"https:\/\/api.w.org\/{rel}","templated":true}]}}