{"id":22803,"date":"2024-04-23T11:55:18","date_gmt":"2024-04-23T11:55:18","guid":{"rendered":"https:\/\/enipau.ro\/produs\/uncategorized\/bois-exotique-massaranduba-ep12\/"},"modified":"2024-04-23T11:55:18","modified_gmt":"2024-04-23T11:55:18","slug":"bois-exotique-massaranduba-ep12","status":"publish","type":"product","link":"https:\/\/enipau.ro\/fr\/produit\/lambris-exterieur\/bois-exotique-massaranduba-ep12\/","title":{"rendered":"Bois exotique Massaranduba EP12"},"content":{"rendered":"<p>Le massaranduba, \u00e9galement connu sous le nom de &#8220;s\u00e9quoia&#8221;, est un bois exotique originaire d&#8217;Am\u00e9rique du Sud. Le massaranduba est consid\u00e9r\u00e9 comme l&#8217;un des bois les plus durables au monde, avec une excellente r\u00e9sistance \u00e0 la pourriture, aux insectes et \u00e0 la corrosion. Il est id\u00e9al pour les environnements humides et expos\u00e9s \u00e0 des conditions extr\u00eames.  <\/p>\n<p>Gr\u00e2ce \u00e0 sa durabilit\u00e9 et \u00e0 son attrait esth\u00e9tique, le Massaranduba est utilis\u00e9 dans une grande vari\u00e9t\u00e9 d&#8217;applications, notamment pour la construction de terrasses, de sols ext\u00e9rieurs, de meubles d&#8217;ext\u00e9rieur, de garde-corps, de balustrades, de pontons et d&#8217;autres projets expos\u00e9s \u00e0 l&#8217;usure et \u00e0 des conditions extr\u00eames.<\/p>\n","protected":false},"excerpt":{"rendered":"<p>Le massaranduba, \u00e9galement connu sous le nom de &#8220;s\u00e9quoia&#8221;, est un bois exotique originaire d&#8217;Am\u00e9rique du Sud. Le massaranduba est &hellip; <a href=\"https:\/\/enipau.ro\/fr\/produit\/lambris-exterieur\/bois-exotique-massaranduba-ep12\/\">Continued<\/a><\/p>\n","protected":false},"featured_media":22805,"comment_status":"closed","ping_status":"closed","template":"","meta":{"_acf_changed":false},"product_brand":[],"product_cat":[1961,1954,1923,1958,1948],"product_tag":[],"class_list":{"0":"post-22803","1":"product","2":"type-product","3":"status-publish","4":"has-post-thumbnail","6":"product_cat-bois-de-massaranduba","7":"product_cat-facades-en-bois-exotique","8":"product_cat-lambris-exterieur","9":"product_cat-plancher-et-terrasse-en-bois-exotique","10":"product_cat-terrasse-en-bois","12":"first","13":"instock","14":"taxable","15":"shipping-taxable","16":"purchasable","17":"product-type-variable"},"acf":[],"_links":{"self":[{"href":"https:\/\/enipau.ro\/fr\/wp-json\/wp\/v2\/product\/22803","targetHints":{"allow":["GET"]}}],"collection":[{"href":"https:\/\/enipau.ro\/fr\/wp-json\/wp\/v2\/product"}],"about":[{"href":"https:\/\/enipau.ro\/fr\/wp-json\/wp\/v2\/types\/product"}],"replies":[{"embeddable":true,"href":"https:\/\/enipau.ro\/fr\/wp-json\/wp\/v2\/comments?post=22803"}],"wp:featuredmedia":[{"embeddable":true,"href":"https:\/\/enipau.ro\/fr\/wp-json\/wp\/v2\/media\/22805"}],"wp:attachment":[{"href":"https:\/\/enipau.ro\/fr\/wp-json\/wp\/v2\/media?parent=22803"}],"wp:term":[{"taxonomy":"product_brand","embeddable":true,"href":"https:\/\/enipau.ro\/fr\/wp-json\/wp\/v2\/product_brand?post=22803"},{"taxonomy":"product_cat","embeddable":true,"href":"https:\/\/enipau.ro\/fr\/wp-json\/wp\/v2\/product_cat?post=22803"},{"taxonomy":"product_tag","embeddable":true,"href":"https:\/\/enipau.ro\/fr\/wp-json\/wp\/v2\/product_tag?post=22803"}],"curies":[{"name":"wp","href":"https:\/\/api.w.org\/{rel}","templated":true}]}}