{"id":22828,"date":"2024-04-23T11:25:03","date_gmt":"2024-04-23T11:25:03","guid":{"rendered":"https:\/\/enipau.ro\/produs\/uncategorized\/iroko-bois-exotique-scie-ep4\/"},"modified":"2024-04-23T11:25:03","modified_gmt":"2024-04-23T11:25:03","slug":"iroko-bois-exotique-scie-ep4","status":"publish","type":"product","link":"https:\/\/enipau.ro\/fr\/produit\/lambris-exterieur\/iroko-bois-exotique-scie-ep4\/","title":{"rendered":"Iroko Bois exotique sci\u00e9 EP4"},"content":{"rendered":"<p>L&#8217;Iroko Sawn est une variante transform\u00e9e du bois exotique Iroko, originaire d&#8217;Afrique de l&#8217;Ouest. L&#8217;Iroko a une densit\u00e9 moyenne \u00e0 \u00e9lev\u00e9e, une texture fine et uniforme et une porosit\u00e9 mod\u00e9r\u00e9e. Sa couleur va du jaune clair au brun fonc\u00e9 en passant par le dor\u00e9, avec parfois des reflets verts ou rouges. Le bois est dur et durable, il r\u00e9siste bien \u00e0 l&#8217;humidit\u00e9, \u00e0 la pourriture et aux attaques d&#8217;insectes.   <\/p>\n<p>Gr\u00e2ce \u00e0 sa r\u00e9sistance et \u00e0 son aspect attrayant, le bois sci\u00e9 Iroko est utilis\u00e9 dans une vari\u00e9t\u00e9 d&#8217;applications, y compris les planchers, les terrasses, les rampes, les balustrades, les escaliers, les meubles d&#8217;ext\u00e9rieur ou le bardage.<\/p>\n","protected":false},"excerpt":{"rendered":"<p>L&#8217;Iroko Sawn est une variante transform\u00e9e du bois exotique Iroko, originaire d&#8217;Afrique de l&#8217;Ouest. L&#8217;Iroko a une densit\u00e9 moyenne \u00e0 &hellip; <a href=\"https:\/\/enipau.ro\/fr\/produit\/lambris-exterieur\/iroko-bois-exotique-scie-ep4\/\">Continued<\/a><\/p>\n","protected":false},"featured_media":22829,"comment_status":"closed","ping_status":"closed","template":"","meta":{"_acf_changed":false},"product_brand":[],"product_cat":[1968,1954,1923],"product_tag":[],"class_list":{"0":"post-22828","1":"product","2":"type-product","3":"status-publish","4":"has-post-thumbnail","6":"product_cat-bois-diroko","7":"product_cat-facades-en-bois-exotique","8":"product_cat-lambris-exterieur","10":"first","11":"instock","12":"taxable","13":"shipping-taxable","14":"purchasable","15":"product-type-variable"},"acf":[],"_links":{"self":[{"href":"https:\/\/enipau.ro\/fr\/wp-json\/wp\/v2\/product\/22828","targetHints":{"allow":["GET"]}}],"collection":[{"href":"https:\/\/enipau.ro\/fr\/wp-json\/wp\/v2\/product"}],"about":[{"href":"https:\/\/enipau.ro\/fr\/wp-json\/wp\/v2\/types\/product"}],"replies":[{"embeddable":true,"href":"https:\/\/enipau.ro\/fr\/wp-json\/wp\/v2\/comments?post=22828"}],"wp:featuredmedia":[{"embeddable":true,"href":"https:\/\/enipau.ro\/fr\/wp-json\/wp\/v2\/media\/22829"}],"wp:attachment":[{"href":"https:\/\/enipau.ro\/fr\/wp-json\/wp\/v2\/media?parent=22828"}],"wp:term":[{"taxonomy":"product_brand","embeddable":true,"href":"https:\/\/enipau.ro\/fr\/wp-json\/wp\/v2\/product_brand?post=22828"},{"taxonomy":"product_cat","embeddable":true,"href":"https:\/\/enipau.ro\/fr\/wp-json\/wp\/v2\/product_cat?post=22828"},{"taxonomy":"product_tag","embeddable":true,"href":"https:\/\/enipau.ro\/fr\/wp-json\/wp\/v2\/product_tag?post=22828"}],"curies":[{"name":"wp","href":"https:\/\/api.w.org\/{rel}","templated":true}]}}