{"id":22834,"date":"2024-04-23T12:11:53","date_gmt":"2024-04-23T12:11:53","guid":{"rendered":"https:\/\/enipau.ro\/produs\/uncategorized\/bois-exotique-ipe-ep11\/"},"modified":"2024-04-23T12:11:53","modified_gmt":"2024-04-23T12:11:53","slug":"bois-exotique-ipe-ep11","status":"publish","type":"product","link":"https:\/\/enipau.ro\/fr\/produit\/lambris-exterieur\/bois-exotique-ipe-ep11\/","title":{"rendered":"Bois exotique Ipe EP11"},"content":{"rendered":"<p>L&#8217;ip\u00e9 est un bois connu pour sa robustesse face aux conditions extr\u00eames, car il est tr\u00e8s r\u00e9sistant \u00e0 l&#8217;humidit\u00e9, aux insectes et \u00e0 la pourriture. D&#8217;une couleur chaude, allant du brun fonc\u00e9 au brun rouge\u00e2tre, l&#8217;ip\u00e9 a une texture lisse et r\u00e9guli\u00e8re, ce qui lui conf\u00e8re un aspect naturel et agr\u00e9able. En raison de sa durabilit\u00e9 et de son esth\u00e9tique, l&#8217;ip\u00e9 est privil\u00e9gi\u00e9 dans une vari\u00e9t\u00e9 de projets, y compris la construction de terrasses, de planchers ext\u00e9rieurs, de meubles de jardin ou de rev\u00eatements muraux.<\/p>\n","protected":false},"excerpt":{"rendered":"<p>L&#8217;ip\u00e9 est un bois connu pour sa robustesse face aux conditions extr\u00eames, car il est tr\u00e8s r\u00e9sistant \u00e0 l&#8217;humidit\u00e9, aux &hellip; <a href=\"https:\/\/enipau.ro\/fr\/produit\/lambris-exterieur\/bois-exotique-ipe-ep11\/\">Continued<\/a><\/p>\n","protected":false},"featured_media":22838,"comment_status":"closed","ping_status":"closed","template":"","meta":{"_acf_changed":false},"product_brand":[],"product_cat":[1960,1954,1923,1958,1948],"product_tag":[],"class_list":{"0":"post-22834","1":"product","2":"type-product","3":"status-publish","4":"has-post-thumbnail","6":"product_cat-bois-dipe","7":"product_cat-facades-en-bois-exotique","8":"product_cat-lambris-exterieur","9":"product_cat-plancher-et-terrasse-en-bois-exotique","10":"product_cat-terrasse-en-bois","12":"first","13":"instock","14":"taxable","15":"shipping-taxable","16":"purchasable","17":"product-type-variable"},"acf":[],"_links":{"self":[{"href":"https:\/\/enipau.ro\/fr\/wp-json\/wp\/v2\/product\/22834","targetHints":{"allow":["GET"]}}],"collection":[{"href":"https:\/\/enipau.ro\/fr\/wp-json\/wp\/v2\/product"}],"about":[{"href":"https:\/\/enipau.ro\/fr\/wp-json\/wp\/v2\/types\/product"}],"replies":[{"embeddable":true,"href":"https:\/\/enipau.ro\/fr\/wp-json\/wp\/v2\/comments?post=22834"}],"wp:featuredmedia":[{"embeddable":true,"href":"https:\/\/enipau.ro\/fr\/wp-json\/wp\/v2\/media\/22838"}],"wp:attachment":[{"href":"https:\/\/enipau.ro\/fr\/wp-json\/wp\/v2\/media?parent=22834"}],"wp:term":[{"taxonomy":"product_brand","embeddable":true,"href":"https:\/\/enipau.ro\/fr\/wp-json\/wp\/v2\/product_brand?post=22834"},{"taxonomy":"product_cat","embeddable":true,"href":"https:\/\/enipau.ro\/fr\/wp-json\/wp\/v2\/product_cat?post=22834"},{"taxonomy":"product_tag","embeddable":true,"href":"https:\/\/enipau.ro\/fr\/wp-json\/wp\/v2\/product_tag?post=22834"}],"curies":[{"name":"wp","href":"https:\/\/api.w.org\/{rel}","templated":true}]}}