{"id":22875,"date":"2024-04-23T13:02:30","date_gmt":"2024-04-23T13:02:30","guid":{"rendered":"https:\/\/enipau.ro\/produs\/uncategorized\/bois-exotique-iroko-e41\/"},"modified":"2024-04-23T13:02:30","modified_gmt":"2024-04-23T13:02:30","slug":"bois-exotique-iroko-e41","status":"publish","type":"product","link":"https:\/\/enipau.ro\/fr\/produit\/lambris-exterieur\/bois-exotique-iroko-e41\/","title":{"rendered":"Bois exotique Iroko E41"},"content":{"rendered":"<p>L&#8217;iroko est un bois exotique originaire d&#8217;Afrique de l&#8217;Ouest, reconnu pour sa grande durabilit\u00e9, sa r\u00e9sistance \u00e0 la pourriture, aux insectes et aux dommages environnementaux. Ce bois peut naturellement r\u00e9sister aux environnements humides et est id\u00e9al pour la construction et l&#8217;am\u00e9nagement paysager. <\/p>\n<p>Gr\u00e2ce \u00e0 sa durabilit\u00e9 et \u00e0 son aspect attrayant, l&#8217;Iroko est utilis\u00e9 dans une grande vari\u00e9t\u00e9 d&#8217;applications, notamment pour la construction de terrasses, de sols ext\u00e9rieurs, de cl\u00f4tures, de meubles d&#8217;ext\u00e9rieur, de dalles d\u00e9coratives, de rev\u00eatements muraux et d&#8217;autres projets d&#8217;am\u00e9nagement int\u00e9rieur et ext\u00e9rieur.<\/p>\n","protected":false},"excerpt":{"rendered":"<p>L&#8217;iroko est un bois exotique originaire d&#8217;Afrique de l&#8217;Ouest, reconnu pour sa grande durabilit\u00e9, sa r\u00e9sistance \u00e0 la pourriture, aux &hellip; <a href=\"https:\/\/enipau.ro\/fr\/produit\/lambris-exterieur\/bois-exotique-iroko-e41\/\">Continued<\/a><\/p>\n","protected":false},"featured_media":22877,"comment_status":"closed","ping_status":"closed","template":"","meta":{"_acf_changed":false},"product_brand":[],"product_cat":[1968,1954,1923],"product_tag":[],"class_list":{"0":"post-22875","1":"product","2":"type-product","3":"status-publish","4":"has-post-thumbnail","6":"product_cat-bois-diroko","7":"product_cat-facades-en-bois-exotique","8":"product_cat-lambris-exterieur","10":"first","11":"instock","12":"taxable","13":"shipping-taxable","14":"purchasable","15":"product-type-variable"},"acf":[],"_links":{"self":[{"href":"https:\/\/enipau.ro\/fr\/wp-json\/wp\/v2\/product\/22875","targetHints":{"allow":["GET"]}}],"collection":[{"href":"https:\/\/enipau.ro\/fr\/wp-json\/wp\/v2\/product"}],"about":[{"href":"https:\/\/enipau.ro\/fr\/wp-json\/wp\/v2\/types\/product"}],"replies":[{"embeddable":true,"href":"https:\/\/enipau.ro\/fr\/wp-json\/wp\/v2\/comments?post=22875"}],"wp:featuredmedia":[{"embeddable":true,"href":"https:\/\/enipau.ro\/fr\/wp-json\/wp\/v2\/media\/22877"}],"wp:attachment":[{"href":"https:\/\/enipau.ro\/fr\/wp-json\/wp\/v2\/media?parent=22875"}],"wp:term":[{"taxonomy":"product_brand","embeddable":true,"href":"https:\/\/enipau.ro\/fr\/wp-json\/wp\/v2\/product_brand?post=22875"},{"taxonomy":"product_cat","embeddable":true,"href":"https:\/\/enipau.ro\/fr\/wp-json\/wp\/v2\/product_cat?post=22875"},{"taxonomy":"product_tag","embeddable":true,"href":"https:\/\/enipau.ro\/fr\/wp-json\/wp\/v2\/product_tag?post=22875"}],"curies":[{"name":"wp","href":"https:\/\/api.w.org\/{rel}","templated":true}]}}