{"id":22928,"date":"2024-04-23T14:01:29","date_gmt":"2024-04-23T14:01:29","guid":{"rendered":"https:\/\/enipau.ro\/produs\/uncategorized\/meleze-naturel-e64\/"},"modified":"2024-04-23T14:01:29","modified_gmt":"2024-04-23T14:01:29","slug":"meleze-naturel-e64","status":"publish","type":"product","link":"https:\/\/enipau.ro\/fr\/produit\/lambris-exterieur\/meleze-naturel-e64\/","title":{"rendered":"M\u00e9l\u00e8ze naturel E64"},"content":{"rendered":"<p>Le m\u00e9l\u00e8ze naturel sculpt\u00e9 est une variante du bois de m\u00e9l\u00e8ze qui a \u00e9t\u00e9 trait\u00e9e pour lui donner un aspect textur\u00e9 et rustique. Le processus de sculpture peut faire appel \u00e0 des techniques manuelles ou m\u00e9caniques pour cr\u00e9er des indentations, des fissures et d&#8217;autres d\u00e9tails qui imitent l&#8217;aspect naturel du bois ancien ou vieilli. Ce type de bois est utilis\u00e9 dans une vari\u00e9t\u00e9 d&#8217;applications, y compris la construction de meubles, les planchers, les murs d&#8217;accent, la menuiserie et d&#8217;autres projets d&#8217;am\u00e9nagement int\u00e9rieur et ext\u00e9rieur. Son aspect rustique convient aux projets visant \u00e0 obtenir une esth\u00e9tique authentique et distinctive.   <\/p>\n<p>Bien que le processus d&#8217;\u00e9caillage puisse affecter la r\u00e9sistance initiale du bois, le m\u00e9l\u00e8ze \u00e9corc\u00e9 est trait\u00e9 pour conserver sa durabilit\u00e9 et sa r\u00e9sistance au fil du temps. L&#8217;entretien est similaire \u00e0 celui des autres types de bois, et l&#8217;application de finitions appropri\u00e9es permet de prot\u00e9ger et de conserver l&#8217;aspect du bois au fil des ans.<\/p>\n","protected":false},"excerpt":{"rendered":"<p>Le m\u00e9l\u00e8ze naturel sculpt\u00e9 est une variante du bois de m\u00e9l\u00e8ze qui a \u00e9t\u00e9 trait\u00e9e pour lui donner un aspect &hellip; <a href=\"https:\/\/enipau.ro\/fr\/produit\/lambris-exterieur\/meleze-naturel-e64\/\">Continued<\/a><\/p>\n","protected":false},"featured_media":22930,"comment_status":"closed","ping_status":"closed","template":"","meta":{"_acf_changed":false},"product_brand":[],"product_cat":[1983,1923,1936],"product_tag":[],"class_list":{"0":"post-22928","1":"product","2":"type-product","3":"status-publish","4":"has-post-thumbnail","6":"product_cat-bois-scie","7":"product_cat-lambris-exterieur","8":"product_cat-lambris-interieur","10":"first","11":"instock","12":"taxable","13":"shipping-taxable","14":"purchasable","15":"product-type-variable"},"acf":[],"_links":{"self":[{"href":"https:\/\/enipau.ro\/fr\/wp-json\/wp\/v2\/product\/22928","targetHints":{"allow":["GET"]}}],"collection":[{"href":"https:\/\/enipau.ro\/fr\/wp-json\/wp\/v2\/product"}],"about":[{"href":"https:\/\/enipau.ro\/fr\/wp-json\/wp\/v2\/types\/product"}],"replies":[{"embeddable":true,"href":"https:\/\/enipau.ro\/fr\/wp-json\/wp\/v2\/comments?post=22928"}],"wp:featuredmedia":[{"embeddable":true,"href":"https:\/\/enipau.ro\/fr\/wp-json\/wp\/v2\/media\/22930"}],"wp:attachment":[{"href":"https:\/\/enipau.ro\/fr\/wp-json\/wp\/v2\/media?parent=22928"}],"wp:term":[{"taxonomy":"product_brand","embeddable":true,"href":"https:\/\/enipau.ro\/fr\/wp-json\/wp\/v2\/product_brand?post=22928"},{"taxonomy":"product_cat","embeddable":true,"href":"https:\/\/enipau.ro\/fr\/wp-json\/wp\/v2\/product_cat?post=22928"},{"taxonomy":"product_tag","embeddable":true,"href":"https:\/\/enipau.ro\/fr\/wp-json\/wp\/v2\/product_tag?post=22928"}],"curies":[{"name":"wp","href":"https:\/\/api.w.org\/{rel}","templated":true}]}}