{"id":22938,"date":"2024-04-23T14:04:49","date_gmt":"2024-04-23T14:04:49","guid":{"rendered":"https:\/\/enipau.ro\/produs\/uncategorized\/epicea-naturel-taille-e63\/"},"modified":"2024-04-23T14:04:49","modified_gmt":"2024-04-23T14:04:49","slug":"epicea-naturel-taille-e63","status":"publish","type":"product","link":"https:\/\/enipau.ro\/fr\/produit\/lambris-exterieur\/epicea-naturel-taille-e63\/","title":{"rendered":"\u00c9pic\u00e9a naturel taill\u00e9 E63"},"content":{"rendered":"<p>L&#8217;\u00c9pic\u00e9a naturel taill\u00e9 est un type de bois provenant de \u00c9pic\u00e9a qui a \u00e9t\u00e9 trait\u00e9 pour lui donner un aspect textur\u00e9 et rustique. Ce proc\u00e9d\u00e9 consiste \u00e0 \u00e9br\u00e9cher manuellement ou m\u00e9caniquement la surface du bois pour cr\u00e9er des creux, des fissures et d&#8217;autres d\u00e9tails qui imitent l&#8217;aspect naturel d&#8217;un bois ancien ou vieilli. <\/p>\n<p>Il est utilis\u00e9 dans la construction de meubles, de planchers, de murs d&#8217;accent et d&#8217;autres projets de conception, apportant une touche rustique et authentique aux espaces. Trait\u00e9 pour durer, l&#8217;entretien est similaire \u00e0 celui des autres bois, et les finitions peuvent varier en fonction des pr\u00e9f\u00e9rences esth\u00e9tiques et des exigences du projet.<\/p>\n","protected":false},"excerpt":{"rendered":"<p>L&#8217;\u00c9pic\u00e9a naturel taill\u00e9 est un type de bois provenant de \u00c9pic\u00e9a qui a \u00e9t\u00e9 trait\u00e9 pour lui donner un aspect &hellip; <a href=\"https:\/\/enipau.ro\/fr\/produit\/lambris-exterieur\/epicea-naturel-taille-e63\/\">Continued<\/a><\/p>\n","protected":false},"featured_media":22939,"comment_status":"closed","ping_status":"closed","template":"","meta":{"_acf_changed":false},"product_brand":[],"product_cat":[1988,1983,1923,1936],"product_tag":[],"class_list":{"0":"post-22938","1":"product","2":"type-product","3":"status-publish","4":"has-post-thumbnail","6":"product_cat-bois-depicea","7":"product_cat-bois-scie","8":"product_cat-lambris-exterieur","9":"product_cat-lambris-interieur","11":"first","12":"instock","13":"taxable","14":"shipping-taxable","15":"purchasable","16":"product-type-variable"},"acf":[],"_links":{"self":[{"href":"https:\/\/enipau.ro\/fr\/wp-json\/wp\/v2\/product\/22938","targetHints":{"allow":["GET"]}}],"collection":[{"href":"https:\/\/enipau.ro\/fr\/wp-json\/wp\/v2\/product"}],"about":[{"href":"https:\/\/enipau.ro\/fr\/wp-json\/wp\/v2\/types\/product"}],"replies":[{"embeddable":true,"href":"https:\/\/enipau.ro\/fr\/wp-json\/wp\/v2\/comments?post=22938"}],"wp:featuredmedia":[{"embeddable":true,"href":"https:\/\/enipau.ro\/fr\/wp-json\/wp\/v2\/media\/22939"}],"wp:attachment":[{"href":"https:\/\/enipau.ro\/fr\/wp-json\/wp\/v2\/media?parent=22938"}],"wp:term":[{"taxonomy":"product_brand","embeddable":true,"href":"https:\/\/enipau.ro\/fr\/wp-json\/wp\/v2\/product_brand?post=22938"},{"taxonomy":"product_cat","embeddable":true,"href":"https:\/\/enipau.ro\/fr\/wp-json\/wp\/v2\/product_cat?post=22938"},{"taxonomy":"product_tag","embeddable":true,"href":"https:\/\/enipau.ro\/fr\/wp-json\/wp\/v2\/product_tag?post=22938"}],"curies":[{"name":"wp","href":"https:\/\/api.w.org\/{rel}","templated":true}]}}