{"id":22944,"date":"2024-04-24T08:16:50","date_gmt":"2024-04-24T08:16:50","guid":{"rendered":"https:\/\/enipau.ro\/produs\/uncategorized\/bois-exotique-bangkirai-ep15\/"},"modified":"2024-04-24T08:16:50","modified_gmt":"2024-04-24T08:16:50","slug":"bois-exotique-bangkirai-ep15","status":"publish","type":"product","link":"https:\/\/enipau.ro\/fr\/produit\/lambris-exterieur\/bois-exotique-bangkirai-ep15\/","title":{"rendered":"Bois exotique Bangkirai EP15"},"content":{"rendered":"<p>Le bois exotique bangkirai est originaire d&#8217;Asie du Sud-Est et est appr\u00e9ci\u00e9 pour sa grande durabilit\u00e9 et sa r\u00e9sistance \u00e0 la pourriture et aux intemp\u00e9ries. Gr\u00e2ce \u00e0 sa couleur initiale attrayante et \u00e0 sa durabilit\u00e9, le bangkirai est couramment utilis\u00e9 dans la construction ext\u00e9rieure, notamment pour les terrasses, les patios, les cl\u00f4tures, les ponts et les rev\u00eatements muraux. Il est \u00e9galement utilis\u00e9 pour la production de meubles d&#8217;ext\u00e9rieur et d&#8217;autres applications n\u00e9cessitant une r\u00e9sistance \u00e0 l&#8217;usure et aux intemp\u00e9ries.<\/p>\n","protected":false},"excerpt":{"rendered":"<p>Le bois exotique bangkirai est originaire d&#8217;Asie du Sud-Est et est appr\u00e9ci\u00e9 pour sa grande durabilit\u00e9 et sa r\u00e9sistance \u00e0 &hellip; <a href=\"https:\/\/enipau.ro\/fr\/produit\/lambris-exterieur\/bois-exotique-bangkirai-ep15\/\">Continued<\/a><\/p>\n","protected":false},"featured_media":22945,"comment_status":"closed","ping_status":"closed","template":"","meta":{"_acf_changed":false},"product_brand":[],"product_cat":[1987,1954,1923,1958,1948],"product_tag":[],"class_list":{"0":"post-22944","1":"product","2":"type-product","3":"status-publish","4":"has-post-thumbnail","6":"product_cat-bois-de-bangkirai","7":"product_cat-facades-en-bois-exotique","8":"product_cat-lambris-exterieur","9":"product_cat-plancher-et-terrasse-en-bois-exotique","10":"product_cat-terrasse-en-bois","12":"first","13":"instock","14":"taxable","15":"shipping-taxable","16":"purchasable","17":"product-type-variable"},"acf":[],"_links":{"self":[{"href":"https:\/\/enipau.ro\/fr\/wp-json\/wp\/v2\/product\/22944","targetHints":{"allow":["GET"]}}],"collection":[{"href":"https:\/\/enipau.ro\/fr\/wp-json\/wp\/v2\/product"}],"about":[{"href":"https:\/\/enipau.ro\/fr\/wp-json\/wp\/v2\/types\/product"}],"replies":[{"embeddable":true,"href":"https:\/\/enipau.ro\/fr\/wp-json\/wp\/v2\/comments?post=22944"}],"wp:featuredmedia":[{"embeddable":true,"href":"https:\/\/enipau.ro\/fr\/wp-json\/wp\/v2\/media\/22945"}],"wp:attachment":[{"href":"https:\/\/enipau.ro\/fr\/wp-json\/wp\/v2\/media?parent=22944"}],"wp:term":[{"taxonomy":"product_brand","embeddable":true,"href":"https:\/\/enipau.ro\/fr\/wp-json\/wp\/v2\/product_brand?post=22944"},{"taxonomy":"product_cat","embeddable":true,"href":"https:\/\/enipau.ro\/fr\/wp-json\/wp\/v2\/product_cat?post=22944"},{"taxonomy":"product_tag","embeddable":true,"href":"https:\/\/enipau.ro\/fr\/wp-json\/wp\/v2\/product_tag?post=22944"}],"curies":[{"name":"wp","href":"https:\/\/api.w.org\/{rel}","templated":true}]}}