{"id":22953,"date":"2024-04-23T14:24:22","date_gmt":"2024-04-23T14:24:22","guid":{"rendered":"https:\/\/enipau.ro\/produs\/uncategorized\/epicea-ancien-ebranche-e61\/"},"modified":"2024-04-23T14:24:22","modified_gmt":"2024-04-23T14:24:22","slug":"epicea-ancien-ebranche-e61","status":"publish","type":"product","link":"https:\/\/enipau.ro\/fr\/produit\/lambris-exterieur\/epicea-ancien-ebranche-e61\/","title":{"rendered":"\u00c9pic\u00e9a ancien \u00e9branch\u00e9 E61"},"content":{"rendered":"<p>L&#8217;\u00c9pic\u00e9a vieilli et \u00e9br\u00e9ch\u00e9 est un type de bois qui a \u00e9t\u00e9 vieilli et \u00e9br\u00e9ch\u00e9 pour lui donner un aspect rustique et vieilli. Cette technologie d&#8217;usinage s&#8217;inscrit dans une tendance moderne de l&#8217;am\u00e9nagement int\u00e9rieur et de la construction, o\u00f9 l&#8217;on recherche un aspect vintage ou industriel. <\/p>\n<p>Il est utilis\u00e9 dans la construction de planchers, de murs d&#8217;accent, de meubles et d&#8217;autres projets d&#8217;am\u00e9nagement int\u00e9rieur et ext\u00e9rieur, apportant une touche vintage et rustique. Bien que le processus puisse affecter la r\u00e9sistance du bois, des traitements sp\u00e9ciaux garantissent sa durabilit\u00e9 et sa r\u00e9silience dans le temps, et l&#8217;entretien est similaire \u00e0 celui des autres bois.<\/p>\n","protected":false},"excerpt":{"rendered":"<p>L&#8217;\u00c9pic\u00e9a vieilli et \u00e9br\u00e9ch\u00e9 est un type de bois qui a \u00e9t\u00e9 vieilli et \u00e9br\u00e9ch\u00e9 pour lui donner un aspect &hellip; <a href=\"https:\/\/enipau.ro\/fr\/produit\/lambris-exterieur\/epicea-ancien-ebranche-e61\/\">Continued<\/a><\/p>\n","protected":false},"featured_media":22955,"comment_status":"closed","ping_status":"closed","template":"","meta":{"_acf_changed":false},"product_brand":[],"product_cat":[1988,1983,1923,1936],"product_tag":[],"class_list":{"0":"post-22953","1":"product","2":"type-product","3":"status-publish","4":"has-post-thumbnail","6":"product_cat-bois-depicea","7":"product_cat-bois-scie","8":"product_cat-lambris-exterieur","9":"product_cat-lambris-interieur","11":"first","12":"instock","13":"taxable","14":"shipping-taxable","15":"purchasable","16":"product-type-variable"},"acf":[],"_links":{"self":[{"href":"https:\/\/enipau.ro\/fr\/wp-json\/wp\/v2\/product\/22953","targetHints":{"allow":["GET"]}}],"collection":[{"href":"https:\/\/enipau.ro\/fr\/wp-json\/wp\/v2\/product"}],"about":[{"href":"https:\/\/enipau.ro\/fr\/wp-json\/wp\/v2\/types\/product"}],"replies":[{"embeddable":true,"href":"https:\/\/enipau.ro\/fr\/wp-json\/wp\/v2\/comments?post=22953"}],"wp:featuredmedia":[{"embeddable":true,"href":"https:\/\/enipau.ro\/fr\/wp-json\/wp\/v2\/media\/22955"}],"wp:attachment":[{"href":"https:\/\/enipau.ro\/fr\/wp-json\/wp\/v2\/media?parent=22953"}],"wp:term":[{"taxonomy":"product_brand","embeddable":true,"href":"https:\/\/enipau.ro\/fr\/wp-json\/wp\/v2\/product_brand?post=22953"},{"taxonomy":"product_cat","embeddable":true,"href":"https:\/\/enipau.ro\/fr\/wp-json\/wp\/v2\/product_cat?post=22953"},{"taxonomy":"product_tag","embeddable":true,"href":"https:\/\/enipau.ro\/fr\/wp-json\/wp\/v2\/product_tag?post=22953"}],"curies":[{"name":"wp","href":"https:\/\/api.w.org\/{rel}","templated":true}]}}