{"id":22987,"date":"2024-04-24T08:13:11","date_gmt":"2024-04-24T08:13:11","guid":{"rendered":"https:\/\/enipau.ro\/produs\/uncategorized\/bois-exotique-cumaru-ep8\/"},"modified":"2024-04-24T08:13:11","modified_gmt":"2024-04-24T08:13:11","slug":"bois-exotique-cumaru-ep8","status":"publish","type":"product","link":"https:\/\/enipau.ro\/fr\/produit\/terrasse-en-bois\/bois-exotique-cumaru-ep8\/","title":{"rendered":"Bois exotique Cumaru EP8"},"content":{"rendered":"<p>Le bois exotique Cumaru, \u00e9galement connu sous le nom de teck br\u00e9silien ou de f\u00e8ve Tonka, est reconnu pour son extraordinaire durabilit\u00e9 et son attrait esth\u00e9tique. Originaire de la r\u00e9gion tropicale de l&#8217;Am\u00e9rique du Sud, en particulier du Br\u00e9sil, du P\u00e9rou et du Venezuela, ce bois est appr\u00e9ci\u00e9 pour sa r\u00e9sistance \u00e0 la pourriture, aux insectes et \u00e0 la corrosion, ce qui en fait l&#8217;un des bois naturels les plus r\u00e9sistants qui soient. <\/p>\n<p>Avec une couleur distinctive qui va du jaune dor\u00e9 au brun rouge\u00e2tre avec des nuances de rouge et d&#8217;or, et une texture uniforme, le Cumaru offre un aspect esth\u00e9tique agr\u00e9able dans une vari\u00e9t\u00e9 d&#8217;applications. Il est souvent utilis\u00e9 dans la construction de terrasses, de terrasses ext\u00e9rieures, de cl\u00f4tures, de meubles d&#8217;ext\u00e9rieur, de rev\u00eatements et d&#8217;autres projets n\u00e9cessitant une r\u00e9sistance et une durabilit\u00e9 accrues.<\/p>\n","protected":false},"excerpt":{"rendered":"<p>Le bois exotique Cumaru, \u00e9galement connu sous le nom de teck br\u00e9silien ou de f\u00e8ve Tonka, est reconnu pour son &hellip; <a href=\"https:\/\/enipau.ro\/fr\/produit\/terrasse-en-bois\/bois-exotique-cumaru-ep8\/\">Continued<\/a><\/p>\n","protected":false},"featured_media":22989,"comment_status":"closed","ping_status":"closed","template":"","meta":{"_acf_changed":false},"product_brand":[],"product_cat":[1965,1958,1948],"product_tag":[],"class_list":{"0":"post-22987","1":"product","2":"type-product","3":"status-publish","4":"has-post-thumbnail","6":"product_cat-bois-de-cumaru","7":"product_cat-plancher-et-terrasse-en-bois-exotique","8":"product_cat-terrasse-en-bois","10":"first","11":"instock","12":"taxable","13":"shipping-taxable","14":"purchasable","15":"product-type-variable"},"acf":[],"_links":{"self":[{"href":"https:\/\/enipau.ro\/fr\/wp-json\/wp\/v2\/product\/22987","targetHints":{"allow":["GET"]}}],"collection":[{"href":"https:\/\/enipau.ro\/fr\/wp-json\/wp\/v2\/product"}],"about":[{"href":"https:\/\/enipau.ro\/fr\/wp-json\/wp\/v2\/types\/product"}],"replies":[{"embeddable":true,"href":"https:\/\/enipau.ro\/fr\/wp-json\/wp\/v2\/comments?post=22987"}],"wp:featuredmedia":[{"embeddable":true,"href":"https:\/\/enipau.ro\/fr\/wp-json\/wp\/v2\/media\/22989"}],"wp:attachment":[{"href":"https:\/\/enipau.ro\/fr\/wp-json\/wp\/v2\/media?parent=22987"}],"wp:term":[{"taxonomy":"product_brand","embeddable":true,"href":"https:\/\/enipau.ro\/fr\/wp-json\/wp\/v2\/product_brand?post=22987"},{"taxonomy":"product_cat","embeddable":true,"href":"https:\/\/enipau.ro\/fr\/wp-json\/wp\/v2\/product_cat?post=22987"},{"taxonomy":"product_tag","embeddable":true,"href":"https:\/\/enipau.ro\/fr\/wp-json\/wp\/v2\/product_tag?post=22987"}],"curies":[{"name":"wp","href":"https:\/\/api.w.org\/{rel}","templated":true}]}}