{"id":22997,"date":"2024-04-24T09:01:49","date_gmt":"2024-04-24T09:01:49","guid":{"rendered":"https:\/\/enipau.ro\/produs\/uncategorized\/cedre-bois-exotique-e30\/"},"modified":"2024-04-24T09:01:49","modified_gmt":"2024-04-24T09:01:49","slug":"cedre-bois-exotique-e30","status":"publish","type":"product","link":"https:\/\/enipau.ro\/fr\/produit\/lambris-exterieur\/cedre-bois-exotique-e30\/","title":{"rendered":"C\u00e8dre bois exotique E30"},"content":{"rendered":"<p>Le c\u00e8dre canadien est appr\u00e9ci\u00e9 pour sa durabilit\u00e9, sa solidit\u00e9 et son attrait esth\u00e9tique. Ce type de bois est r\u00e9put\u00e9 pour ses qualit\u00e9s naturelles de r\u00e9sistance \u00e0 la pourriture et aux insectes nuisibles, ce qui en fait un choix populaire pour les constructions ext\u00e9rieures telles que les cl\u00f4tures, les pergolas, les terrasses et les toitures. Il est \u00e9galement couramment utilis\u00e9 pour la construction de meubles d&#8217;ext\u00e9rieur, ainsi que pour le rev\u00eatement des murs \u00e0 l&#8217;int\u00e9rieur.<\/p>\n","protected":false},"excerpt":{"rendered":"<p>Le c\u00e8dre canadien est appr\u00e9ci\u00e9 pour sa durabilit\u00e9, sa solidit\u00e9 et son attrait esth\u00e9tique. Ce type de bois est r\u00e9put\u00e9 &hellip; <a href=\"https:\/\/enipau.ro\/fr\/produit\/lambris-exterieur\/cedre-bois-exotique-e30\/\">Continued<\/a><\/p>\n","protected":false},"featured_media":22999,"comment_status":"closed","ping_status":"closed","template":"","meta":{"_acf_changed":false},"product_brand":[],"product_cat":[1966,1954,1923],"product_tag":[],"class_list":{"0":"post-22997","1":"product","2":"type-product","3":"status-publish","4":"has-post-thumbnail","6":"product_cat-bois-de-cedre","7":"product_cat-facades-en-bois-exotique","8":"product_cat-lambris-exterieur","10":"first","11":"instock","12":"taxable","13":"shipping-taxable","14":"purchasable","15":"product-type-variable"},"acf":[],"_links":{"self":[{"href":"https:\/\/enipau.ro\/fr\/wp-json\/wp\/v2\/product\/22997","targetHints":{"allow":["GET"]}}],"collection":[{"href":"https:\/\/enipau.ro\/fr\/wp-json\/wp\/v2\/product"}],"about":[{"href":"https:\/\/enipau.ro\/fr\/wp-json\/wp\/v2\/types\/product"}],"replies":[{"embeddable":true,"href":"https:\/\/enipau.ro\/fr\/wp-json\/wp\/v2\/comments?post=22997"}],"wp:featuredmedia":[{"embeddable":true,"href":"https:\/\/enipau.ro\/fr\/wp-json\/wp\/v2\/media\/22999"}],"wp:attachment":[{"href":"https:\/\/enipau.ro\/fr\/wp-json\/wp\/v2\/media?parent=22997"}],"wp:term":[{"taxonomy":"product_brand","embeddable":true,"href":"https:\/\/enipau.ro\/fr\/wp-json\/wp\/v2\/product_brand?post=22997"},{"taxonomy":"product_cat","embeddable":true,"href":"https:\/\/enipau.ro\/fr\/wp-json\/wp\/v2\/product_cat?post=22997"},{"taxonomy":"product_tag","embeddable":true,"href":"https:\/\/enipau.ro\/fr\/wp-json\/wp\/v2\/product_tag?post=22997"}],"curies":[{"name":"wp","href":"https:\/\/api.w.org\/{rel}","templated":true}]}}