{"id":23007,"date":"2024-04-24T09:05:28","date_gmt":"2024-04-24T09:05:28","guid":{"rendered":"https:\/\/enipau.ro\/produs\/uncategorized\/cedre-canadien-bois-exotique-e72\/"},"modified":"2024-04-24T09:05:28","modified_gmt":"2024-04-24T09:05:28","slug":"cedre-canadien-bois-exotique-e72","status":"publish","type":"product","link":"https:\/\/enipau.ro\/fr\/produit\/lambris-exterieur\/cedre-canadien-bois-exotique-e72\/","title":{"rendered":"C\u00e8dre canadien bois exotique E72"},"content":{"rendered":"<p>Le bois de c\u00e8dre canadien est appr\u00e9ci\u00e9 pour sa durabilit\u00e9, sa r\u00e9sistance et son attrait esth\u00e9tique. Le c\u00e8dre canadien, ou c\u00e8dre de l&#8217;Ouest, provient principalement des esp\u00e8ces Western Red Cedar et Alaska Yellow Cedar, que l&#8217;on trouve surtout dans les r\u00e9gions occidentales du Canada, comme la Colombie-Britannique et l&#8217;Alaska. <\/p>\n<p>Ce type de bois est r\u00e9put\u00e9 pour ses qualit\u00e9s naturelles de r\u00e9sistance \u00e0 la pourriture et aux insectes nuisibles, ce qui en fait un choix populaire pour les constructions ext\u00e9rieures telles que les cl\u00f4tures, les pergolas, les patios et les toits. Il est \u00e9galement couramment utilis\u00e9 pour la construction de meubles d&#8217;ext\u00e9rieur, ainsi que pour le rev\u00eatement des murs \u00e0 l&#8217;int\u00e9rieur.<\/p>\n","protected":false},"excerpt":{"rendered":"<p>Le bois de c\u00e8dre canadien est appr\u00e9ci\u00e9 pour sa durabilit\u00e9, sa r\u00e9sistance et son attrait esth\u00e9tique. Le c\u00e8dre canadien, ou &hellip; <a href=\"https:\/\/enipau.ro\/fr\/produit\/lambris-exterieur\/cedre-canadien-bois-exotique-e72\/\">Continued<\/a><\/p>\n","protected":false},"featured_media":23009,"comment_status":"closed","ping_status":"closed","template":"","meta":{"_acf_changed":false},"product_brand":[],"product_cat":[1966,1954,1923],"product_tag":[],"class_list":{"0":"post-23007","1":"product","2":"type-product","3":"status-publish","4":"has-post-thumbnail","6":"product_cat-bois-de-cedre","7":"product_cat-facades-en-bois-exotique","8":"product_cat-lambris-exterieur","10":"first","11":"instock","12":"taxable","13":"shipping-taxable","14":"purchasable","15":"product-type-variable"},"acf":[],"_links":{"self":[{"href":"https:\/\/enipau.ro\/fr\/wp-json\/wp\/v2\/product\/23007","targetHints":{"allow":["GET"]}}],"collection":[{"href":"https:\/\/enipau.ro\/fr\/wp-json\/wp\/v2\/product"}],"about":[{"href":"https:\/\/enipau.ro\/fr\/wp-json\/wp\/v2\/types\/product"}],"replies":[{"embeddable":true,"href":"https:\/\/enipau.ro\/fr\/wp-json\/wp\/v2\/comments?post=23007"}],"wp:featuredmedia":[{"embeddable":true,"href":"https:\/\/enipau.ro\/fr\/wp-json\/wp\/v2\/media\/23009"}],"wp:attachment":[{"href":"https:\/\/enipau.ro\/fr\/wp-json\/wp\/v2\/media?parent=23007"}],"wp:term":[{"taxonomy":"product_brand","embeddable":true,"href":"https:\/\/enipau.ro\/fr\/wp-json\/wp\/v2\/product_brand?post=23007"},{"taxonomy":"product_cat","embeddable":true,"href":"https:\/\/enipau.ro\/fr\/wp-json\/wp\/v2\/product_cat?post=23007"},{"taxonomy":"product_tag","embeddable":true,"href":"https:\/\/enipau.ro\/fr\/wp-json\/wp\/v2\/product_tag?post=23007"}],"curies":[{"name":"wp","href":"https:\/\/api.w.org\/{rel}","templated":true}]}}