{"id":23008,"date":"2024-04-24T08:41:02","date_gmt":"2024-04-24T08:41:02","guid":{"rendered":"https:\/\/enipau.ro\/produs\/uncategorized\/lemn-bois-rouge-exotique-e14\/"},"modified":"2025-03-20T21:06:08","modified_gmt":"2025-03-20T21:06:08","slug":"bois-exotique-louro-vermelho-e14","status":"publish","type":"product","link":"https:\/\/enipau.ro\/fr\/produit\/lambris-exterieur\/bois-exotique-louro-vermelho-e14\/","title":{"rendered":"Bois exotique Louro Vermelho E14"},"content":{"rendered":"<p>Le bois exotique Louro Vermelho, \u00e9galement connu sous le nom de Louro Faia ou Louro Preto, est originaire d&#8217;Am\u00e9rique du Sud, en particulier du Br\u00e9sil. Il est appr\u00e9ci\u00e9 pour sa beaut\u00e9 particuli\u00e8re, ses couleurs vives allant du brun rouge\u00e2tre au brun fonc\u00e9 et ses nuances de violet et de noir.<\/p>\n<p>Ce bois est principalement utilis\u00e9 en menuiserie fine et en d\u00e9coration d&#8217;int\u00e9rieur pour les parquets, les rev\u00eatements, les plans de travail de cuisine, les profils d\u00e9coratifs et d&#8217;autres projets qui n\u00e9cessitent un aspect \u00e9l\u00e9gant et une grande durabilit\u00e9. Il est r\u00e9sistant \u00e0 la pourriture et au pourrissement, ce qui permet de l&#8217;utiliser dans des environnements humides ou expos\u00e9s \u00e0 des conditions extr\u00eames.<\/p>\n","protected":false},"excerpt":{"rendered":"<p>Le bois exotique Louro Vermelho, \u00e9galement connu sous le nom de Louro Faia ou Louro Preto, est originaire d&#8217;Am\u00e9rique du &hellip; <a href=\"https:\/\/enipau.ro\/fr\/produit\/lambris-exterieur\/bois-exotique-louro-vermelho-e14\/\">Continued<\/a><\/p>\n","protected":false},"featured_media":23013,"comment_status":"closed","ping_status":"closed","template":"","meta":{"_acf_changed":false},"product_brand":[],"product_cat":[1973,1954,1923],"product_tag":[],"class_list":{"0":"post-23008","1":"product","2":"type-product","3":"status-publish","4":"has-post-thumbnail","6":"product_cat-bois-louro-vermelho","7":"product_cat-facades-en-bois-exotique","8":"product_cat-lambris-exterieur","10":"first","11":"instock","12":"taxable","13":"shipping-taxable","14":"purchasable","15":"product-type-variable"},"acf":[],"_links":{"self":[{"href":"https:\/\/enipau.ro\/fr\/wp-json\/wp\/v2\/product\/23008","targetHints":{"allow":["GET"]}}],"collection":[{"href":"https:\/\/enipau.ro\/fr\/wp-json\/wp\/v2\/product"}],"about":[{"href":"https:\/\/enipau.ro\/fr\/wp-json\/wp\/v2\/types\/product"}],"replies":[{"embeddable":true,"href":"https:\/\/enipau.ro\/fr\/wp-json\/wp\/v2\/comments?post=23008"}],"wp:featuredmedia":[{"embeddable":true,"href":"https:\/\/enipau.ro\/fr\/wp-json\/wp\/v2\/media\/23013"}],"wp:attachment":[{"href":"https:\/\/enipau.ro\/fr\/wp-json\/wp\/v2\/media?parent=23008"}],"wp:term":[{"taxonomy":"product_brand","embeddable":true,"href":"https:\/\/enipau.ro\/fr\/wp-json\/wp\/v2\/product_brand?post=23008"},{"taxonomy":"product_cat","embeddable":true,"href":"https:\/\/enipau.ro\/fr\/wp-json\/wp\/v2\/product_cat?post=23008"},{"taxonomy":"product_tag","embeddable":true,"href":"https:\/\/enipau.ro\/fr\/wp-json\/wp\/v2\/product_tag?post=23008"}],"curies":[{"name":"wp","href":"https:\/\/api.w.org\/{rel}","templated":true}]}}